{"id":2,"date":"2008-02-12T15:03:09","date_gmt":"2008-02-12T14:03:09","guid":{"rendered":"http:\/\/canal-literatura.com\/5certamen\/PremioEspecial\/"},"modified":"2022-05-25T14:02:02","modified_gmt":"2022-05-25T13:02:02","slug":"acerca-de","status":"publish","type":"page","link":"https:\/\/canal-literatura.com\/5certamen\/PremioEspecial\/","title":{"rendered":"Informaci\u00f3n"},"content":{"rendered":"<p>Los textos que quieran competir al\u00a0<strong>Premio Especial 2008\u00a0<\/strong>deber\u00e1n ser escritos en espa\u00f1ol y tendr\u00e1n un m\u00e1ximo de 400\u00a0 palabras. Los concursantes de cualquier nacionalidad pueden escribir un relato, contando una historia que represente una experiencia o un encuentro personal de car\u00e1cter pol\u00edtico, hist\u00f3rico, literario, cultural, sentimental, etc.. La <strong>Asociaci\u00f3n Canal Literatura\u00a0<\/strong>quiere potenciar con este premio la fantas\u00eda, la memoria\u00a0 personal y colectiva\u00a0\u00a0de aquellos autores que deseen comunicar a todos los lectores del\u00a0<strong>canal-literatura.com<\/strong>\u00a0la gran variedad de relaciones humanas e interculturales que iluminen\u00a0<strong>la concordia y el escenario com\u00fan de los pueblos de Espa\u00f1a y de Alemania<\/strong>\u00a0a lo largo del tiempo.<\/p>\r\n<p>&nbsp;<\/p>\r\n<h3 style=\"text-align: center;\">Jurado:<\/h3>\r\n<p><img loading=\"lazy\" decoding=\"async\" class=\"aligncenter\" src=\"http:\/\/www.canal-literatura.com\/Entrevistas\/EmilioHidalgoSerna3.jpg\" alt=\"D. Emilio Hidalgo Serna\" width=\"300\" height=\"256\" \/><\/p>\r\n<p style=\"text-align: center;\"><strong>D. Emilio Hidalgo Serna<\/strong><\/p>\r\n<p style=\"text-align: center;\"><a href=\"http:\/\/www.canal-literatura.com\/Entrevistas\/EmilioHidalgoSerna.html\" target=\"new\" rel=\"noopener noreferrer\">Fil\u00f3sofo, escritor y Director del Departamento de Espa\u00f1ol de la Universidad T\u00e9cnica de Braunschweig en Alemania<\/a><\/p>\r\n<p><img loading=\"lazy\" decoding=\"async\" class=\"aligncenter\" src=\"http:\/\/www.canal-literatura.com\/Entrevistas\/GimenezGracia.jpg\" alt=\"Francisco Gim\u00e9nez Gracia\" width=\"250\" height=\"375\" \/><\/p>\r\n<p style=\"text-align: center;\"><strong>Francisco Gim\u00e9nez Gracia<\/strong><\/p>\r\n<p style=\"text-align: center;\"><a href=\"http:\/\/www.canal-literatura.com\/Entrevistas\/FranciscoGimenezGracia.html\" target=\"new\" rel=\"noopener noreferrer\">Director General del Libro Archivos y Bibliotecas de la Regi\u00f3n de Murcia<\/a><\/p>\r\n<p>&nbsp;<\/p>\r\n<p><img loading=\"lazy\" decoding=\"async\" class=\"aligncenter\" src=\"http:\/\/www.canal-literatura.com\/5certamen\/PremioEspecial\/images\/AnnettePaatz.jpg\" alt=\"Dr. Annette Paatz\" width=\"300\" height=\"309\" \/><\/p>\r\n<p style=\"text-align: center;\"><strong>Dr. Annette Paatz<\/strong><\/p>\r\n<p style=\"text-align: center;\"><a href=\"http:\/\/www.canal-literatura.com\/Entrevistas\/Annette_Paatz.html\" target=\"new\" rel=\"noopener noreferrer\">Georg-August-Universit\u00e4t Seminar f\u00fcr romanische Philologie<\/a><\/p>\r\n<p>&nbsp;<\/p>\r\n<p><img loading=\"lazy\" decoding=\"async\" class=\"aligncenter\" src=\"http:\/\/www.canal-literatura.com\/5certamen\/PremioEspecial\/images\/GardeniaAlonso.jpg\" alt=\"Gardenia Alonso-Lomba\" width=\"250\" height=\"363\" \/><\/p>\r\n<p style=\"text-align: center;\"><strong>Gardenia Alonso-Lomba<\/strong><\/p>\r\n<p style=\"text-align: center;\"><a href=\"http:\/\/www.canal-literatura.com\/Entrevistas\/GardeniaAlonsoLomba.html\" target=\"new\" rel=\"noopener noreferrer\">Sprachlehrzentrum der Georg-August-Universit\u00e4t G\u00f6ttingen<\/a><\/p>\r\n<p style=\"text-align: center;\">\u00a0<\/p>\r\n<p><strong>PREMIO:Trofeo escultura que representa un abrazo.<\/strong><\/p>\r\n<p><a href=\"http:\/\/www.canal-literatura.com\/5certamen\/PremioEspecial\/Trofeo_premio_especial08.html\" target=\"new\" rel=\"noopener noreferrer\"><img loading=\"lazy\" decoding=\"async\" class=\"aligncenter\" src=\"http:\/\/www.canal-literatura.com\/5certamen\/images\/trofeo5op.jpg\" width=\"175\" height=\"255\" border=\"0\" \/><\/a><\/p>\r\n<p align=\"center\"><strong>\u00a0<\/strong><\/p>\r\n<p><a href=\"https:\/\/canal-literatura.com\/blog\/zona-literaria\/finalistas-del-premio-especial-hispano-aleman-2008\/\" target=\"_blank\" rel=\"noopener noreferrer\"><strong> <img decoding=\"async\" class=\"aligncenter\" src=\"http:\/\/canal-literatura.com\/5certamen\/PremioEspecial\/wp-content\/uploads\/2019\/09\/finalistas-hispano-alem%C3%A1n.jpg\" alt=\"La imagen tiene un atributo ALT vac\u00edo; su nombre de archivo es finalistas-hispano-alem\u00e1n.jpg\" \/><\/strong><\/a><\/p>\r\n<center><a href=\"http:\/\/canal-literatura.com\/blog\/noticias\/certamen\/ya-conocemos-los-finalistas-del-premio-especial-hispano-aleman\/\" target=\"_blank\" rel=\"noopener noreferrer\"><span style=\"color: #990000;\">\u00a0<\/span><\/a><br \/><strong>Pincha en la imagen para leer lo que nos han querido contar.<\/strong><\/center>\r\n<p><strong>\u00a0<\/strong><\/p>\r\n<p>&nbsp;<\/p>\r\n<p>&nbsp;<\/p>\r\n<center><iframe loading=\"lazy\" id=\"YouTubeV1\" src=\"https:\/\/www.youtube.com\/embed\/oQXhJH33w-E\" width=\"500\" height=\"375\" frameborder=\"0\" allowfullscreen=\"allowfullscreen\" data-mce-fragment=\"1\"><span data-mce-type=\"bookmark\" style=\"display: inline-block; width: 0px; overflow: hidden; line-height: 0;\" class=\"mce_SELRES_end\">?<\/span><\/iframe><br \/>V\u00eddeo de la entrega de premios.\u00a0<\/center>\r\n<p style=\"text-align: center;\"><strong><br \/><a href=\"http:\/\/www.laverdad.es\/murcia\/ocio\/seis-finalistas-disputan-premio-200805281213.html\"><img decoding=\"async\" class=\"aligncenter\" src=\"http:\/\/www.canal-literatura.com\/themes\/3D-Fantasy\/images\/header\/logo_laverdad.gif\" width=\"171\" border=\"0\" \/><\/a><br \/>Noticia en Laverdad.es<\/strong><\/p>\r\n<hr \/><hr \/>\r\n<p>&nbsp;<\/p>\r\n<p>&nbsp;<\/p>\r\n","protected":false},"excerpt":{"rendered":"<p>Los textos que quieran competir al\u00a0Premio Especial 2008\u00a0deber\u00e1n ser escritos en espa\u00f1ol y tendr\u00e1n un m\u00e1ximo de 400\u00a0 palabras. Los concursantes de cualquier nacionalidad pueden escribir un relato, contando una historia que represente una experiencia o un encuentro personal de car\u00e1cter pol\u00edtico, hist\u00f3rico, literario, cultural, sentimental, etc.. La Asociaci\u00f3n Canal&#8230;<\/p>\n<p class=\"continue-reading-button\"> <a class=\"continue-reading-link\" href=\"https:\/\/canal-literatura.com\/5certamen\/PremioEspecial\/\">Continue reading<i class=\"crycon-right-dir\"><\/i><\/a><\/p>\n","protected":false},"author":1,"featured_media":100,"parent":0,"menu_order":0,"comment_status":"open","ping_status":"open","template":"","meta":{"footnotes":""},"class_list":["post-2","page","type-page","status-publish","has-post-thumbnail","hentry"],"amp_enabled":true,"_links":{"self":[{"href":"https:\/\/canal-literatura.com\/5certamen\/PremioEspecial\/wp-json\/wp\/v2\/pages\/2","targetHints":{"allow":["GET"]}}],"collection":[{"href":"https:\/\/canal-literatura.com\/5certamen\/PremioEspecial\/wp-json\/wp\/v2\/pages"}],"about":[{"href":"https:\/\/canal-literatura.com\/5certamen\/PremioEspecial\/wp-json\/wp\/v2\/types\/page"}],"author":[{"embeddable":true,"href":"https:\/\/canal-literatura.com\/5certamen\/PremioEspecial\/wp-json\/wp\/v2\/users\/1"}],"replies":[{"embeddable":true,"href":"https:\/\/canal-literatura.com\/5certamen\/PremioEspecial\/wp-json\/wp\/v2\/comments?post=2"}],"version-history":[{"count":0,"href":"https:\/\/canal-literatura.com\/5certamen\/PremioEspecial\/wp-json\/wp\/v2\/pages\/2\/revisions"}],"wp:featuredmedia":[{"embeddable":true,"href":"https:\/\/canal-literatura.com\/5certamen\/PremioEspecial\/wp-json\/wp\/v2\/media\/100"}],"wp:attachment":[{"href":"https:\/\/canal-literatura.com\/5certamen\/PremioEspecial\/wp-json\/wp\/v2\/media?parent=2"}],"curies":[{"name":"wp","href":"https:\/\/api.w.org\/{rel}","templated":true}]}}