{"id":2,"date":"2009-03-26T23:43:36","date_gmt":"2009-03-26T22:43:36","guid":{"rendered":""},"modified":"2021-04-13T19:14:46","modified_gmt":"2021-04-13T17:14:46","slug":"premio-especial","status":"publish","type":"page","link":"https:\/\/canal-literatura.com\/6certamen\/PremioEspecial\/","title":{"rendered":"Premio Especial \u00abAmor en el Tiempo\u00bb"},"content":{"rendered":"<p><img loading=\"lazy\" decoding=\"async\" class=\" wp-image-8 aligncenter\" src=\"https:\/\/canal-literatura.com\/6certamen\/PremioEspecial\/wp-content\/uploads\/2018\/11\/encabezado-amor-en-el-tiempo.jpg\" alt=\"\" width=\"690\" height=\"381\" srcset=\"https:\/\/canal-literatura.com\/6certamen\/PremioEspecial\/wp-content\/uploads\/2018\/11\/encabezado-amor-en-el-tiempo.jpg 905w, https:\/\/canal-literatura.com\/6certamen\/PremioEspecial\/wp-content\/uploads\/2018\/11\/encabezado-amor-en-el-tiempo-300x166.jpg 300w, https:\/\/canal-literatura.com\/6certamen\/PremioEspecial\/wp-content\/uploads\/2018\/11\/encabezado-amor-en-el-tiempo-768x424.jpg 768w\" sizes=\"auto, (max-width: 690px) 100vw, 690px\" \/><\/p>\n<p align=\"JUSTIFY\">El premio especial de este a\u00f1o tratar\u00e1 sobre una iniciativa que espera rescatar de la memoria colectiva<strong> historias relacionadas con las parejas que han consolidado su permanencia a lo largo de al menos 25 a\u00f1os <\/strong>y que han celebrado las bodas de Plata, Oro o Platino, procurando que, en 400 palabras y en espa\u00f1ol, nos relaten las difilcutades y avatares de parejas que hayan dejado huella en su entorno o familiares por ser capaces de armonizar la convivencia durante tantos a\u00f1os. En un momento d\u00f3nde el concepto de familia sufre constantes transformaciones, creemos interesante conocer los recuerdos que este tipo de historias dejaron o nos dejan a\u00fan en la retina.<\/p>\n<p><span class=\"Estilo2\">Premio<\/span><span class=\"Estilo5\">:\u00a0<\/span><strong><em>Biscuit franc\u00e9s del siglo XIX. Titulado: \u00abFamilia\u00bb<\/em><\/strong><\/p>\n<hr \/>\n<h2 style=\"text-align: center;\">Padrinos y jurado del premio especial 2009:<\/h2>\n<p align=\"JUSTIFY\">Un jurado compuesto por una pareja de reconocido \u00a0prestigio: una escritora y un poeta, que han hablado del amor y del tiempo \u00a0en prosa, ensayo y poes\u00eda.<\/p>\n<p><img loading=\"lazy\" decoding=\"async\" class=\"aligncenter wp-image-22\" src=\"https:\/\/canal-literatura.com\/6certamen\/PremioEspecial\/wp-content\/uploads\/2018\/11\/CarlosMarzalCarmenPosadasSlider.jpg\" alt=\"\" width=\"588\" height=\"443\" srcset=\"https:\/\/canal-literatura.com\/6certamen\/PremioEspecial\/wp-content\/uploads\/2018\/11\/CarlosMarzalCarmenPosadasSlider.jpg 900w, https:\/\/canal-literatura.com\/6certamen\/PremioEspecial\/wp-content\/uploads\/2018\/11\/CarlosMarzalCarmenPosadasSlider-300x226.jpg 300w, https:\/\/canal-literatura.com\/6certamen\/PremioEspecial\/wp-content\/uploads\/2018\/11\/CarlosMarzalCarmenPosadasSlider-768x579.jpg 768w, https:\/\/canal-literatura.com\/6certamen\/PremioEspecial\/wp-content\/uploads\/2018\/11\/CarlosMarzalCarmenPosadasSlider-150x113.jpg 150w, https:\/\/canal-literatura.com\/6certamen\/PremioEspecial\/wp-content\/uploads\/2018\/11\/CarlosMarzalCarmenPosadasSlider-199x150.jpg 199w\" sizes=\"auto, (max-width: 588px) 100vw, 588px\" \/><br \/>\n<b><a href=\"https:\/\/canal-literatura.com\/blog\/zona-literaria\/entrevista-a-carmen-posadas\/\" target=\"new\" rel=\"noopener noreferrer\">Carmen Posadas<\/a> y <a href=\"https:\/\/www.canal-literatura.com\/Entrevistas\/CarlosMarzal.html\" target=\"new\" rel=\"noopener noreferrer\">Carlos Marzal<\/a>,<\/b> * ser\u00e1n los encargados de \u00a0premiar el mejor texto de este premio especial que entregaran \u00a0el 4 de julio del 2009 en Murcia.<\/p>\n<hr \/>\n<p><img loading=\"lazy\" decoding=\"async\" class=\"aligncenter size-full wp-image-44\" src=\"https:\/\/canal-literatura.com\/6certamen\/PremioEspecial\/wp-content\/uploads\/2018\/11\/canal-literatura-2007.jpg\" alt=\"\" width=\"243\" height=\"71\" srcset=\"https:\/\/canal-literatura.com\/6certamen\/PremioEspecial\/wp-content\/uploads\/2018\/11\/canal-literatura-2007.jpg 243w, https:\/\/canal-literatura.com\/6certamen\/PremioEspecial\/wp-content\/uploads\/2018\/11\/canal-literatura-2007-150x44.jpg 150w\" sizes=\"auto, (max-width: 243px) 100vw, 243px\" \/><br \/>\nPlazo de presentaci\u00f3n: Del 15 de abril al 15 de junio del 2009.<\/p>\n<p>Los relatos deben ser in\u00e9ditos incluido internet.<\/p>\n<hr \/>\n<p><img loading=\"lazy\" decoding=\"async\" class=\"aligncenter wp-image-41\" src=\"https:\/\/canal-literatura.com\/6certamen\/PremioEspecial\/wp-content\/uploads\/2018\/11\/jurado-finalistas.jpg\" alt=\"\" width=\"724\" height=\"369\" srcset=\"https:\/\/canal-literatura.com\/6certamen\/PremioEspecial\/wp-content\/uploads\/2018\/11\/jurado-finalistas.jpg 800w, https:\/\/canal-literatura.com\/6certamen\/PremioEspecial\/wp-content\/uploads\/2018\/11\/jurado-finalistas-300x153.jpg 300w, https:\/\/canal-literatura.com\/6certamen\/PremioEspecial\/wp-content\/uploads\/2018\/11\/jurado-finalistas-768x392.jpg 768w, https:\/\/canal-literatura.com\/6certamen\/PremioEspecial\/wp-content\/uploads\/2018\/11\/jurado-finalistas-150x77.jpg 150w, https:\/\/canal-literatura.com\/6certamen\/PremioEspecial\/wp-content\/uploads\/2018\/11\/jurado-finalistas-250x128.jpg 250w\" sizes=\"auto, (max-width: 724px) 100vw, 724px\" \/><\/p>\n<p align=\"JUSTIFY\">Finalistas del Premio Especial \u201cAmor en el tiempo\u201d junto al jurado compuesto por Carmen Posadas y Carlos Marzal. En el centro, Mar\u00eda Luisa N\u00fa\u00f1ez, directora del Canal Literatura, junto a su marido Salvatore Branchina, que celebraron sus bodas de plata el 27 de junio de 2009.<\/p>\n<h2><\/h2>\n<h2 style=\"text-align: center;\">V\u00eddeo entrega de premios<\/h2>\n<p><center><iframe loading=\"lazy\" src=\"https:\/\/www.youtube.com\/embed\/OZbP8MmYERk\" width=\"560\" height=\"315\" frameborder=\"0\" allowfullscreen=\"allowfullscreen\"><\/iframe><\/center><\/p>\n<hr \/>\n<p>&nbsp;<\/p>\n","protected":false},"excerpt":{"rendered":"<p>El premio especial de este a\u00f1o tratar\u00e1 sobre una iniciativa que espera rescatar de la memoria colectiva historias relacionadas con las parejas que han consolidado su permanencia a lo largo de al menos 25 a\u00f1os y que han celebrado las bodas de Plata, Oro o Platino, procurando que, en 400&#8230; <a class=\"continue-reading-link\" href=\"https:\/\/canal-literatura.com\/6certamen\/PremioEspecial\/\"> Continue reading <span class=\"meta-nav\">&rarr; <\/span><\/a><\/p>\n","protected":false},"author":1,"featured_media":0,"parent":0,"menu_order":0,"comment_status":"closed","ping_status":"open","template":"","meta":{"footnotes":""},"class_list":["post-2","page","type-page","status-publish","hentry"],"amp_enabled":true,"_links":{"self":[{"href":"https:\/\/canal-literatura.com\/6certamen\/PremioEspecial\/wp-json\/wp\/v2\/pages\/2","targetHints":{"allow":["GET"]}}],"collection":[{"href":"https:\/\/canal-literatura.com\/6certamen\/PremioEspecial\/wp-json\/wp\/v2\/pages"}],"about":[{"href":"https:\/\/canal-literatura.com\/6certamen\/PremioEspecial\/wp-json\/wp\/v2\/types\/page"}],"author":[{"embeddable":true,"href":"https:\/\/canal-literatura.com\/6certamen\/PremioEspecial\/wp-json\/wp\/v2\/users\/1"}],"replies":[{"embeddable":true,"href":"https:\/\/canal-literatura.com\/6certamen\/PremioEspecial\/wp-json\/wp\/v2\/comments?post=2"}],"version-history":[{"count":4,"href":"https:\/\/canal-literatura.com\/6certamen\/PremioEspecial\/wp-json\/wp\/v2\/pages\/2\/revisions"}],"predecessor-version":[{"id":67,"href":"https:\/\/canal-literatura.com\/6certamen\/PremioEspecial\/wp-json\/wp\/v2\/pages\/2\/revisions\/67"}],"wp:attachment":[{"href":"https:\/\/canal-literatura.com\/6certamen\/PremioEspecial\/wp-json\/wp\/v2\/media?parent=2"}],"curies":[{"name":"wp","href":"https:\/\/api.w.org\/{rel}","templated":true}]}}