{"id":12,"date":"2009-02-04T10:00:17","date_gmt":"2009-02-04T09:00:17","guid":{"rendered":"http:\/\/www.canal-literatura.com\/6certamen\/?page_id=12"},"modified":"2024-02-03T14:11:01","modified_gmt":"2024-02-03T13:11:01","slug":"jurado","status":"publish","type":"page","link":"https:\/\/canal-literatura.com\/6certamen\/?page_id=12","title":{"rendered":"Jurado"},"content":{"rendered":"<div style=\"width: 310px\" class=\"wp-caption aligncenter\"><a href=\"https:\/\/www.canal-literatura.com\/Entrevistas\/Luis_Alberto_de_Cuenca.html\"><img loading=\"lazy\" decoding=\"async\" title=\"Luis Alberto de Cuenca\" src=\"https:\/\/www.canal-literatura.com\/6certamen\/images\/LuisAlbertodeCuenca2.jpg\" alt=\"https:\/\/www.canal-literatura.com\/6certamen\/images\/LuisAlbertodeCuenca2.jpg&lt;br \/&gt; \" width=\"300\" height=\"186\" \/><\/a><p class=\"wp-caption-text\">Presidente del VI Certamen de Narrativa Breve.<\/p><\/div>\n<p align=\"center\"><strong>Luis Alberto de Cuenca<\/strong><\/p>\n<p style=\"text-align: center;\">Poeta, ensayista y traductor.<\/p>\n<p style=\"text-align: center;\"><a href=\"https:\/\/www.canal-literatura.com\/Multimedia\/LuisAlbertodeCuenca.wmv\" target=\"_blank\" rel=\"noopener\">Pincha aqu\u00ed para ver el videomensaje.<\/a><\/p>\n<div style=\"width: 280px\" class=\"wp-caption aligncenter\"><a href=\"https:\/\/www.canal-literatura.com\/Ana_Maria%20_Tomas_olivares.html\"><img loading=\"lazy\" decoding=\"async\" title=\"Ana M\u00aa Tom\u00e1s Olivares\" src=\"https:\/\/www.canal-literatura.com\/6certamen\/images\/AnaMTomasOlivares.jpg\" alt=\"https:\/\/www.canal-literatura.com\/6certamen\/images\/AnaMTomasOlivares.jpg\" width=\"270\" height=\"256\" \/><\/a><p class=\"wp-caption-text\">Poeta y columnista del Diario La verdad.<\/p><\/div>\n<p style=\"text-align: center;\"><strong>Ana M\u00aa Tom\u00e1s Olivares<\/strong><\/p>\n<p style=\"text-align: center;\">Escritora, poeta y articulista. \u00a0 Licenciada en Filosof\u00eda y Letras. Especialidad en Filolog\u00eda Hisp\u00e1nica.<\/p>\n<div style=\"width: 210px\" class=\"wp-caption aligncenter\"><a href=\"https:\/\/www.canal-literatura.com\/Pablo_Perez.html\" target=\"NEW\" rel=\"noopener\"><img loading=\"lazy\" decoding=\"async\" class=\" \" title=\"Pau P\u00e9rez L\u00f3pez\" src=\"https:\/\/www.canal-literatura.com\/fotos\/Paup.JPG\" alt=\"Pau P\u00e9rez L\u00f3pez\" width=\"200\" height=\"150\" \/><\/a><p class=\"wp-caption-text\">Profesor y corrector de textos.<\/p><\/div>\n<p style=\"text-align: center;\"><strong>PauP\u00e9rez L\u00f3pez<\/strong><\/p>\n<p style=\"text-align: center;\"><strong>\u00a0<\/strong>Co<strong>&#8211; <\/strong>director de l\u2019Escola <strong>\u00a0<\/strong>d\u2019Escriptura i Humanitats de l\u2019Ateneu Barcelon\u00e8s.<\/p>\n<div style=\"width: 210px\" class=\"wp-caption aligncenter\"><a href=\"https:\/\/www.canal-literatura.com\/Jose_belmonte_serrano.html\" target=\"NEW\" rel=\"noopener\"><img loading=\"lazy\" decoding=\"async\" title=\"Jos\u00e9 Belmonte Serrano\" src=\"https:\/\/www.canal-literatura.com\/Libros\/PepeBelmonte.jpg\" alt=\"Poeta, escritor y director del semanario ABABOL\" width=\"200\" height=\"275\" \/><\/a><p class=\"wp-caption-text\">Poeta, escritor y director del semanario ABABOL<\/p><\/div>\n<p style=\"text-align: center;\"><strong>Jos\u00e9 Belmonte Serrano<\/strong><\/p>\n<p style=\"text-align: center;\">Profesor de literatura en la Universidad de Murcia y critico literario<br \/>\nel diario \u201cLa Verdad\u201d. Director del Semanario <strong>ABABOL.<\/strong><\/p>\n<p style=\"text-align: center;\">\n","protected":false},"excerpt":{"rendered":"<p>Luis Alberto de Cuenca Poeta, ensayista y traductor. Pincha aqu\u00ed para ver el videomensaje. Ana M\u00aa Tom\u00e1s Olivares Escritora, poeta y articulista. \u00a0 Licenciada en Filosof\u00eda y Letras. Especialidad en Filolog\u00eda Hisp\u00e1nica. PauP\u00e9rez L\u00f3pez \u00a0Co&#8211; director de l\u2019Escola \u00a0d\u2019Escriptura i Humanitats de l\u2019Ateneu Barcelon\u00e8s. Jos\u00e9 Belmonte Serrano Profesor de literatura en la Universidad de Murcia y critico literario el diario \u201cLa Verdad\u201d. Director del Semanario ABABOL.<\/p>\n<p> <a class=\"continue-reading-link\" href=\"https:\/\/canal-literatura.com\/6certamen\/?page_id=12\"><span>Continuar leyendo<\/span><i class=\"crycon-right-dir\"><\/i><\/a> <\/p>\n","protected":false},"author":1,"featured_media":0,"parent":0,"menu_order":0,"comment_status":"open","ping_status":"open","template":"","meta":{"footnotes":""},"class_list":["post-12","page","type-page","status-publish","hentry"],"_links":{"self":[{"href":"https:\/\/canal-literatura.com\/6certamen\/index.php?rest_route=\/wp\/v2\/pages\/12","targetHints":{"allow":["GET"]}}],"collection":[{"href":"https:\/\/canal-literatura.com\/6certamen\/index.php?rest_route=\/wp\/v2\/pages"}],"about":[{"href":"https:\/\/canal-literatura.com\/6certamen\/index.php?rest_route=\/wp\/v2\/types\/page"}],"author":[{"embeddable":true,"href":"https:\/\/canal-literatura.com\/6certamen\/index.php?rest_route=\/wp\/v2\/users\/1"}],"replies":[{"embeddable":true,"href":"https:\/\/canal-literatura.com\/6certamen\/index.php?rest_route=%2Fwp%2Fv2%2Fcomments&post=12"}],"version-history":[{"count":24,"href":"https:\/\/canal-literatura.com\/6certamen\/index.php?rest_route=\/wp\/v2\/pages\/12\/revisions"}],"predecessor-version":[{"id":1326,"href":"https:\/\/canal-literatura.com\/6certamen\/index.php?rest_route=\/wp\/v2\/pages\/12\/revisions\/1326"}],"wp:attachment":[{"href":"https:\/\/canal-literatura.com\/6certamen\/index.php?rest_route=%2Fwp%2Fv2%2Fmedia&parent=12"}],"curies":[{"name":"wp","href":"https:\/\/api.w.org\/{rel}","templated":true}]}}