{"id":1559,"date":"2013-03-30T13:47:51","date_gmt":"2013-03-30T12:47:51","guid":{"rendered":"http:\/\/canal-literatura.com\/9certamen\/?page_id=1559"},"modified":"2013-03-30T13:47:51","modified_gmt":"2013-03-30T12:47:51","slug":"ganadores","status":"publish","type":"page","link":"https:\/\/canal-literatura.com\/9certamen\/ganadores\/","title":{"rendered":"Ganadores y cr\u00f3nicas"},"content":{"rendered":"<h2 style=\"text-align: center;\"><b>Laura S\u00e1nchez Abad<\/b><\/h2>\n<h2 style=\"text-align: center;\"><b><\/b>Primer premio<\/h2>\n<p style=\"text-align: center;\"><em>\u00a0<img loading=\"lazy\" decoding=\"async\" class=\"aligncenter  wp-image-1930\" title=\"LauraS\u00e1nchez Recogiendo el primer premio de manos de Carmen Posadas\" alt=\"LauraS\u00e1nchez Recogiendo el primer premio de manos de Carmen Posadas\" src=\"http:\/\/canal-literatura.com\/9certamen\/files\/2013\/03\/Laura-primerpremio.jpg\" width=\"500\" height=\"401\" srcset=\"https:\/\/canal-literatura.com\/9certamen\/files\/2013\/03\/Laura-primerpremio.jpg 599w, https:\/\/canal-literatura.com\/9certamen\/files\/2013\/03\/Laura-primerpremio-300x240.jpg 300w\" sizes=\"auto, (max-width: 500px) 100vw, 500px\" \/><\/em><\/p>\n<p style=\"text-align: center;\">Barcelona (Espa\u00f1a)<\/p>\n<p style=\"text-align: center;\"><a title=\"Permanent Link to 33- La ansiedad de la larva. Por Nairobi\" href=\"http:\/\/canal-literatura.com\/9certamen\/33-la-ansiedad-de-la-larva-por-nairobi\/\" rel=\"bookmark\">33- La ansiedad de la larva. Por Nairobi<\/a><\/p>\n<p><em id=\"__mceDel\">\u00a0<\/em><\/p>\n<h2 style=\"text-align: center;\">Franz Kelle<\/h2>\n<h2 style=\"text-align: center;\">Segundo premio<\/h2>\n<p style=\"text-align: center;\"><img loading=\"lazy\" decoding=\"async\" class=\"aligncenter  wp-image-1931\" title=\"Franz Kelle recogiendo el segundo premio de manos de Carmen Posadas\" alt=\"Franz Kelle recogiendo el segundo premio de manos de Carmen Posadas\" src=\"http:\/\/canal-literatura.com\/9certamen\/files\/2013\/03\/Franz-segundo-premio.jpg\" width=\"500\" height=\"351\" srcset=\"https:\/\/canal-literatura.com\/9certamen\/files\/2013\/03\/Franz-segundo-premio.jpg 640w, https:\/\/canal-literatura.com\/9certamen\/files\/2013\/03\/Franz-segundo-premio-300x210.jpg 300w\" sizes=\"auto, (max-width: 500px) 100vw, 500px\" \/><\/p>\n<p style=\"text-align: center;\">Valencia (Espa\u00f1a)<\/p>\n<p style=\"text-align: center;\"><a title=\"Permanent Link to 106- Alipio en el Pa\u00eds de los Maravillosos M\u00f3viles Inteligentes. Por Nuak\" href=\"http:\/\/canal-literatura.com\/9certamen\/106-alipio-en-el-pais-de-los-maravillosos-moviles-inteligentes-por-nuak\/\" rel=\"bookmark\">106- Alipio en el Pa\u00eds de los Maravillosos M\u00f3viles Inteligentes. Por Nuak<\/a><\/p>\n<p align=\"center\">DE TARIMAS Y PODIOS<\/p>\n<p style=\"text-align: justify;\">Quince personas en apretada formaci\u00f3n, hombro con hombro. Impone su yugo un silencio denso, expectante. \u00bfNo habr\u00e1 nadie aqu\u00ed que se llame Blanca, no ser\u00e1 esta la temible plaza? No, ella nunca se descubrir\u00eda respondi\u00e9ndome: acaban de decir que, de tan blanca, es invisible. Por un eterno instante solo oigo el aire expulsado por los conductos de aireaci\u00f3n, los de la sala y los m\u00edos, acelerados. Laten las sienes. No hay escapatoria.<\/p>\n<p style=\"text-align: justify;\">\u00a1PAM! De repente, los altavoces disparan otro nombre. \u00bfHan dicho el m\u00edo? Cabezas que giran. \u00a1Han dicho el m\u00edo! La megafon\u00eda lucha por recitar el t\u00edtulo del tir\u00f3n, sin parar a coger aire: <i>Alipio en el Pa\u00eds de los Maravillosos M\u00f3viles Inteligentes. <\/i>\u00bfHa dicho \u00abAlipio\u00bb o \u00abalivio\u00bb?<\/p>\n<p style=\"text-align: justify;\">No, no siento alivio. S\u00ed cierta confusi\u00f3n. No me entero muy bien de lo que acontece alrededor. El trofeo lo tienen los presentadores, me dirijo hacia ellos, pero me lo quiere entregar el hada madrina. Nos encontramos por el camino. Flashflashflash. Plasplaspl\u00e1s. \u00ab\u00bfQuieres decir unas palabras?\u00bb, ofrece la presentadora a la vez que el hada, gr\u00e1cilmente <i>posada<\/i> a mi vera, me pregunta otra cosa.<\/p>\n<p style=\"text-align: justify;\">Unas palabras, unas palabras&#8230; Blablabl\u00e1. Me siento como si un caf\u00e9 doble ingerido bajo el olivo hubiese cortocircuitado mis dedos con cien whatsapps por banda pendientes de contestar. No he preparado ni el discurso m\u00e1s rudimentario, mi feroz autocr\u00edtica no situaba al bueno de Alipio en el podio. Logro encadenar alg\u00fan agradecimiento, sincero pero manido, y nada m\u00e1s. Graciasgraciasgracias. Plasplaspl\u00e1s.<\/p>\n<p style=\"text-align: justify;\">Recupero mi sitio en la fila. Baja la adrenalina, se sosiega la mariposa en el pecho, regreso al calor de mi envoltura de seda. Cede la ansiedad, bendita latencia larvaria.<\/p>\n<h2 style=\"text-align: center;\"><strong>Elena Marqu\u00e9s N\u00fa\u00f1ez<\/strong><\/h2>\n<h2 style=\"text-align: center;\"><strong> Tercer premio<\/strong><\/h2>\n<p style=\"text-align: center;\"><img loading=\"lazy\" decoding=\"async\" class=\"aligncenter size-full wp-image-1933\" title=\"Elena Marqu\u00e9s recogiendo el tercer premio de manos de Carmen Posadas\" alt=\"Elena Marqu\u00e9s recogiendo el tercer premio de manos de Carmen Posadas\" src=\"http:\/\/canal-literatura.com\/9certamen\/files\/2013\/03\/elena-tercerpremiook.jpg\" width=\"500\" height=\"373\" srcset=\"https:\/\/canal-literatura.com\/9certamen\/files\/2013\/03\/elena-tercerpremiook.jpg 500w, https:\/\/canal-literatura.com\/9certamen\/files\/2013\/03\/elena-tercerpremiook-300x223.jpg 300w\" sizes=\"auto, (max-width: 500px) 100vw, 500px\" \/><\/p>\n<p style=\"text-align: center;\">Sevilla \u00a0 (Espa\u00f1a)<\/p>\n<p style=\"text-align: center;\"><a title=\"Permanent Link to 249- La invisibilidad de Blanca. Por Lotte Goodwin\" href=\"http:\/\/canal-literatura.com\/9certamen\/249-la-invisibilidad-de-blanca-por-lotte-goodwin\/\" rel=\"bookmark\">249- La invisibilidad de Blanca. Por Lotte Goodwin<\/a><\/p>\n<p style=\"text-align: justify;\">Que escriba una cr\u00f3nica, me dicen. Y me lanzo desesperada a buscar su exacta definici\u00f3n para estar segura de la tarea a que me enfrento, pues, hasta la presente, solo he perge\u00f1ado algunas f\u00e1bulas, varios microrrelatos y muy malos poemas, nada de \u00abhistorias compilatorias en que se observa el orden cronol\u00f3gico\u00bb, donde se da cabida a testigos presenciales con sus voces distintas y cercanas y su palpable sensaci\u00f3n de verosimilitud.<\/p>\n<p style=\"text-align: justify;\">Adem\u00e1s, despu\u00e9s de un viaje largo y tantas emociones, de encuentros con escritores consagrados, cuentistas a medio hacer y amigos incondicionales de las letras, me iba resultar muy dif\u00edcil enderezar el hilo con que realmente se apuntaron los acontecimientos.<\/p>\n<p style=\"text-align: justify;\">Gracias a los hados, o a las musas, o a alg\u00fan \u00c1ngel de la guarda que vela por nosotros, los \u00abplumillas\u00bb (para Salinas, don Miguel de Cervantes o Unamuno, que por algo comparten nombre con alguno de esos esp\u00edritus celestes), me top\u00e9 con otra ben\u00e9fica acepci\u00f3n de \u00abcr\u00f3nica\u00bb que, centrada en un tema de actualidad, se inscribe dentro del g\u00e9nero period\u00edstico, y, en un quiebro po\u00e9tico y colorista, distingue entre blanca y amarilla, y observa que, en esta \u00faltima, la voz autorizada no es sino una persona com\u00fan y corriente a la que se le permite ser subjetiva y emplear un lenguaje sencillo o, si es su deseo, literario.<\/p>\n<p style=\"text-align: justify;\">Entonces he respirado tranquila, pues eso me da pie a contar mi propia e indiscutible versi\u00f3n de los hechos a la manera en que me vengan a la cabeza, en el orden en que el recuerdo, o m\u00e1s bien la nostalgia, me permita recuperarlos.<\/p>\n<p style=\"text-align: justify;\">Para relatar lo sucedido en Murcia el d\u00eda 22 de marzo deber\u00eda circunscribirme a lo que vi y escuch\u00e9 en la concurrida y animada mesa 7, junto a la puerta de entrada; una peque\u00f1a pero no por ello menos representativa isla donde tuve la suerte de coincidir con el siempre adorado por el p\u00fablico Lovecraft, con finalistas de los dos cert\u00e1menes, poetas y narradores, con alguna indispensable comentarista y, por supuesto, con los siempre necesarios familiares que nos apoyan incondicionalmente en nuestra aventura verbal.<\/p>\n<p style=\"text-align: justify;\">All\u00ed se habl\u00f3 de lo divino y de lo humano, y re\u00edmos al recordar estos meses de encuentros y, por qu\u00e9 no, de desencuentros, aquellas decepciones al revelar lo que se ocultaba bajo las m\u00e1scaras y pseud\u00f3nimos y descubrir, entre otras cosas, que el \u00abatractivo\u00bb Asesino de Morfeo vest\u00eda faldas. \u00abQu\u00e9 es la literatura sino enga\u00f1o\u00bb, comentamos entre gui\u00f1os; qu\u00e9 son las p\u00e1ginas sino escenarios donde representar nuestro papel, uno distinto en cada momento o varios, en fin, al mismo tiempo.<\/p>\n<p style=\"text-align: justify;\">Y entonces se hizo evidente que es en ese teatro de la p\u00e1gina en blanco, o la pantalla iluminada de cursor parpadeante, donde m\u00e1s a gusto nos sentimos, pues, al ir nombrando a finalistas y premiados, al subir esos tres (o dos, qui\u00e9n lo recuerda) escalones para llegar al estrado a encarar a Sebasti\u00e1n Mond\u00e9jar y Mari Cruz Ag\u00fcera, al encontrarse de frente con la mirada profunda de do\u00f1a Carmen Posadas, a m\u00e1s de uno le temblaron las manos y la voz y se le quebr\u00f3 la sonrisa que la cena y el vino le hab\u00edan generosamente otorgado.<\/p>\n<p style=\"text-align: justify;\">R\u00e1pida se nos hizo la entrega de galardones y trofeos, desde el Premio del P\u00fablico de Poes\u00eda, que tuve la suerte de recibir de manos de Yolanda S\u00e1enz de Tejada (a la que a partir de ahora no solo admirar\u00e9 por sus versos, sino por su eterna sonrisa), pasando por el desfile de ilusionados finalistas del VII Certamen Poemas sin Rostro, que ya no eran Toni Casu\u00e9s ni Barbastristes; ni Germain ni el Poeta de agua y sombras, que se alz\u00f3 con el triunfo; ni Bruja ni Mart\u00edn Roma\u00f1a; ni el invencible Ave F\u00e9nix ni la sabia Atenea o Ars Domina; ni el Marco Aurelio que en este caso tambi\u00e9n era mujer (mucho nombre cl\u00e1sico para mujeres modernas), sino los t\u00edmidos rostros de quienes bajo esos lemas se escond\u00edan y se rev(b)elaban o algunos compa\u00f1eros bien dispuestos a recoger en su nombre el preciado galard\u00f3n.<\/p>\n<p style=\"text-align: justify;\">Y luego los aplausos al Premio del P\u00fablico de Narrativa Breve, don \u00c1ngel Guardiola, y a la Asesina de Morfeo (que no de nuestros sue\u00f1os), compartiendo podio como buenos compa\u00f1eros y cedi\u00e9ndole tambi\u00e9n su lugar de honor a un don Juan Tenorio que a todos enamora.<\/p>\n<p style=\"text-align: justify;\">No s\u00e9 si me estoy alargando demasiado o corriendo m\u00e1s de la cuenta. Quiz\u00e1s sea porque todo se pas\u00f3 como un suspiro (as\u00ed es el tiempo de caprichoso en los momentos pl\u00e1cidos), porque enseguida empezaron t\u00edmidamente a asomar los finalistas del certamen de relatos; un nutrido grupo de bien avenidos comentaristas que ahora enmudec\u00edan por los nervios.<\/p>\n<p style=\"text-align: justify;\">Tampoco podr\u00eda decir si fue Pablo o fue Gabriela quien los nombr\u00f3 a los quince, despojados de sus inventadas personalidades, resurgiendo tras Fanny Prices, Nuak, Sol, Luna (que desde M\u00e9xico nos envi\u00f3 un cordial saludo), Juana Lomas, Lotte Goodwin, Sacha, Mario Montes, Alexander B\u00fcrgameister, Metafastro (un saludo especial a sus ojos de poeta), Thomas Guh\u00f3 (quien, aunque no era Allan Poe, a nadie podr\u00e1 nunca decepcionar), Nairobi, la gran triunfadora, que pidi\u00f3 un reconocimiento para todos los participantes y eso m\u00e1s que nada la hace grande, Maurice Kraft, Tatu y nuestra Vieja Ifigenia, desde distintos puntos del globo pero con una misma lengua y una misma e irreductible ilusi\u00f3n.<\/p>\n<p style=\"text-align: justify;\">\u00bfQu\u00e9 m\u00e1s podr\u00eda decir? Que a\u00fan ten\u00edamos la noche por delante para compartir experiencias, intercambiar tel\u00e9fonos, escribir en una servilleta el correo electr\u00f3nico donde continuar esa extra\u00f1amente intensa relaci\u00f3n y algunas conversaciones que el sue\u00f1o o las obligaciones llegaron a interrumpir. Toda una fiesta este encuentro, aunque faltara Antonio, mecenas y cofundador del Canal a quien tambi\u00e9n recordaron en un velada m\u00e1gica.<\/p>\n<p style=\"text-align: justify;\">Dorm\u00ed de un tir\u00f3n aquella noche, yo que tanto lucho con las s\u00e1banas, entre otras muchas batallas que emprendo cada d\u00eda.<\/p>\n<p style=\"text-align: justify;\">Ser\u00eda que esa en cuesti\u00f3n hab\u00eda sido en buena lid y todos salimos vencedores, pues nuestras espadas eran como labios y quedaba demostrado que la pluma es m\u00e1s poderosa que todos los floretes y la poes\u00eda un arma cargada de futuro.<\/p>\n<p style=\"text-align: justify;\">Elena-Marco Aurelio-Lotte Goodwin<\/p>\n<p style=\"text-align: justify;\">Sevilla, 26 de marzo de 2013<\/p>\n","protected":false},"excerpt":{"rendered":"<p>Laura S\u00e1nchez Abad Primer premio \u00a0 Barcelona (Espa\u00f1a) 33- La ansiedad de la larva. Por Nairobi \u00a0 Franz Kelle Segundo premio Valencia (Espa\u00f1a) 106- Alipio en el Pa\u00eds de los Maravillosos M\u00f3viles Inteligentes. Por Nuak DE TARIMAS Y PODIOS Quince personas en apretada formaci\u00f3n, hombro con hombro. Impone su yugo [&hellip;]<\/p>\n","protected":false},"author":4,"featured_media":0,"parent":0,"menu_order":0,"comment_status":"open","ping_status":"open","template":"","meta":{"ngg_post_thumbnail":0,"footnotes":""},"class_list":["post-1559","page","type-page","status-publish","hentry"],"_links":{"self":[{"href":"https:\/\/canal-literatura.com\/9certamen\/wp-json\/wp\/v2\/pages\/1559","targetHints":{"allow":["GET"]}}],"collection":[{"href":"https:\/\/canal-literatura.com\/9certamen\/wp-json\/wp\/v2\/pages"}],"about":[{"href":"https:\/\/canal-literatura.com\/9certamen\/wp-json\/wp\/v2\/types\/page"}],"author":[{"embeddable":true,"href":"https:\/\/canal-literatura.com\/9certamen\/wp-json\/wp\/v2\/users\/4"}],"replies":[{"embeddable":true,"href":"https:\/\/canal-literatura.com\/9certamen\/wp-json\/wp\/v2\/comments?post=1559"}],"version-history":[{"count":0,"href":"https:\/\/canal-literatura.com\/9certamen\/wp-json\/wp\/v2\/pages\/1559\/revisions"}],"wp:attachment":[{"href":"https:\/\/canal-literatura.com\/9certamen\/wp-json\/wp\/v2\/media?parent=1559"}],"curies":[{"name":"wp","href":"https:\/\/api.w.org\/{rel}","templated":true}]}}