{"id":5,"date":"2012-09-13T11:39:54","date_gmt":"2012-09-13T10:39:54","guid":{"rendered":"http:\/\/canal-literatura.com\/9certamen\/?page_id=5"},"modified":"2013-02-19T09:23:39","modified_gmt":"2013-02-19T08:23:39","slug":"bases","status":"publish","type":"page","link":"https:\/\/canal-literatura.com\/9certamen\/bases\/","title":{"rendered":"Bases"},"content":{"rendered":"<p style=\"text-align: center;\"><strong>Bases de participaci\u00f3n<\/strong><\/p>\n<p style=\"text-align: justify;\">\u00a0<strong style=\"text-align: justify;\">1.<\/strong><span style=\"text-align: justify;\"> Podr\u00e1 participar en este certamen cualquier autor mayor de 18 a\u00f1os que lo desee, con una sola obra, escrita en espa\u00f1ol.<\/span><\/p>\n<p style=\"text-align: justify;\"><strong>2<\/strong>. El tema es libre.<\/p>\n<p style=\"text-align: justify;\"><strong>3<\/strong>. Los trabajos presentados deber\u00e1n ser originales e in\u00e9ditos (incluido Internet) y no presentados ni premiados en otros concursos. Cualquier comprobaci\u00f3n en este sentido ser\u00e1 motivo de descalificaci\u00f3n autom\u00e1tica.<\/p>\n<p style=\"text-align: justify;\"><strong>4<\/strong>. La extensi\u00f3n de las obras no exceder\u00e1 de las 2.000 palabras en total, incluy\u00e9ndose cualquier otro texto secundario o marginal que el autor pudiere adjuntar. Se aconseja enviar los relatos en letra Times New Roman (12), usando el formulario oficial para el texto concursante y revisados por el contador de palabras de Word con el texto seleccionado. (Herramientas- contar palabras).<\/p>\n<p style=\"text-align: justify;\"><strong>5<\/strong>. Las obras deber\u00e1n ser remitidas en soporte inform\u00e1tico. En un correo electr\u00f3nico que incluir\u00e1 los siguientes documentos adjuntos <strong>debidamente cumplimentados <\/strong>(incluyendo <strong><em>obligatoriamente una imagen legible del documento de identidad o pasaporte<\/em><\/strong>, bien en el formulario oficial \u201cdeclaraci\u00f3n del autor\u201d o en archivo adjunto), a la direcci\u00f3n: <a href=\"mailto:relatos@canal-literatura.com\">relatos@canal-literatura.com<\/a><\/p>\n<p style=\"text-align: justify;\">a)- <a title=\"Datos del autor-Plica\" href=\"http:\/\/canal-literatura.com\/9certamen\/files\/2012\/09\/formulario_plica_narrativa2012.doc\" target=\"_blank\"><strong>Formulario Datos del Autor-PLICA<\/strong><\/a><\/p>\n<p style=\"text-align: justify;\">b)- <a title=\"Declaraci\u00f3n del autor\" href=\"http:\/\/canal-literatura.com\/9certamen\/files\/2012\/09\/declaracion_relatos2012.doc\" target=\"_blank\"><strong>Declaraci\u00f3n del autor<\/strong><\/a><\/p>\n<p style=\"text-align: justify;\">c)- <a title=\"relato concursante\" href=\"http:\/\/canal-literatura.com\/9certamen\/files\/2012\/09\/relato_concursante2012.doc\" target=\"_blank\"><strong>Texto del relato incluyendo t\u00edtulo y seud\u00f3nimo.<\/strong><\/a><\/p>\n<p style=\"text-align: justify;\"><strong>6. <\/strong><strong>El plazo de recepci\u00f3n de originales finalizar\u00e1 el 31 de octubre del 2012.<\/strong><\/p>\n<p style=\"text-align: justify;\"><strong>7. <\/strong>Se otorgar\u00e1n tres premios que consistir\u00e1n en:<\/p>\n<p style=\"text-align: justify;\">a) La entrega de un <strong>trofeo<\/strong> y la <strong>publicaci\u00f3n de las obras ganadoras<\/strong> en un lugar destacado de la Web de la Asociaci\u00f3n Canal #Literatura.<\/p>\n<div style=\"text-align: justify;\">\n<div><img loading=\"lazy\" decoding=\"async\" class=\"aligncenter\" title=\"Trofeo  Certamen\" src=\"http:\/\/www.canal-literatura.com\/5certamen\/images\/trofeo5op.jpg\" alt=\"Trofeo  Certamen\" width=\"150\" height=\"219\" \/><\/div>\n<\/div>\n<p style=\"text-align: justify;\"><strong>Primer premio:<\/strong>\u00a0500 euros m\u00e1s la matricula en un taller literario en la <a href=\"http:\/\/www.culturalaq.com\/\" target=\"_blank\">Escuela de Escritores \u201cAlonso Quijano\u201d en Alc\u00e1zar de San Juan.<\/a><\/p>\n<p style=\"text-align: justify;\"><strong>Segundo premio:<\/strong>\u00a0250 euros<\/p>\n<p style=\"text-align: justify;\"><strong>Tercer premio:<\/strong> 125 euros<\/p>\n<p style=\"text-align: justify;\"><strong>Premio especial del p\u00fablico: <\/strong>El ganador de este premio ser\u00e1 el relato m\u00e1s votado por los lectores de la web y la dotaci\u00f3n del premio las aportaciones realizadas por los concursantes y usuarios del Canal Literatura.<br \/>\nTodos los relatos finalistas y ganadores ser\u00e1n publicados (si procede)<strong> en una edici\u00f3n de 250 libros<\/strong>\u00a0 o en formato <strong>e-book<\/strong> editado por la Asociaci\u00f3n Canal Literatura.<\/p>\n<p style=\"text-align: justify;\"><strong>8<\/strong>. La propiedad de las obras ser\u00e1 de los autores aunque la Asociaci\u00f3n Canal Literatura se reserva el derecho de la primera publicaci\u00f3n de las mismas indefinidamente en su portal <a href=\"http:\/\/www.canal-literatura.com\/\">http:\/\/www.canal-literatura.com\/<\/a> y en la edici\u00f3n en papel de finalistas y ganadores si esta finalmente se realiza.<\/p>\n<p style=\"text-align: justify;\"><strong>9<\/strong>. Los premios de este certamen no podr\u00e1n declararse desiertos.<\/p>\n<p style=\"text-align: justify;\"><strong>10<\/strong>. El fallo del Jurado, que resolver\u00e1 a su criterio las dudas que pueda plantear la interpretaci\u00f3n de estas Bases o decidir sobre cualquier otro aspecto relacionado con el desarrollo del certamen, ser\u00e1 inapelable y se har\u00e1 p\u00fablico en el acto de entrega de los premios correspondiente.<\/p>\n<p style=\"text-align: justify;\"><strong>11<\/strong>. Si alg\u00fan participante utilizara un seud\u00f3nimo que pudiera ser reconocido o crear alg\u00fan tipo de confusi\u00f3n con los Nick (alias) usados habitualmente en el foro, p\u00e1gina web o canal #literatura de IRC-Hispano, ser\u00e1 informado v\u00eda correo electr\u00f3nico de esta circunstancia, para que proceda al cambio del mismo. En \u00faltimo caso, se le asignar\u00eda un seud\u00f3nimo alfanum\u00e9rico aleatorio que garantizara su total anonimato para todos los \u00e1mbitos del certamen.<\/p>\n<p style=\"text-align: justify;\"><strong>12<\/strong>. La participaci\u00f3n en el concurso implica la \u00edntegra aceptaci\u00f3n de todos los apartados de estas bases.<\/p>\n<p style=\"text-align: justify;\"><strong>13<\/strong>. Los relatos que no figuren en esta web trascurrido el plazo de una semana desde su env\u00edo, es que no han sido admitidos a concurso.<\/p>\n<div style=\"text-align: justify;\"><\/div>\n","protected":false},"excerpt":{"rendered":"<p>Bases de participaci\u00f3n \u00a01. Podr\u00e1 participar en este certamen cualquier autor mayor de 18 a\u00f1os que lo desee, con una sola obra, escrita en espa\u00f1ol. 2. El tema es libre. 3. Los trabajos presentados deber\u00e1n ser originales e in\u00e9ditos (incluido Internet) y no presentados ni premiados en otros concursos. Cualquier [&hellip;]<\/p>\n","protected":false},"author":4,"featured_media":0,"parent":0,"menu_order":0,"comment_status":"closed","ping_status":"closed","template":"","meta":{"ngg_post_thumbnail":0,"footnotes":""},"class_list":["post-5","page","type-page","status-publish","hentry"],"_links":{"self":[{"href":"https:\/\/canal-literatura.com\/9certamen\/wp-json\/wp\/v2\/pages\/5","targetHints":{"allow":["GET"]}}],"collection":[{"href":"https:\/\/canal-literatura.com\/9certamen\/wp-json\/wp\/v2\/pages"}],"about":[{"href":"https:\/\/canal-literatura.com\/9certamen\/wp-json\/wp\/v2\/types\/page"}],"author":[{"embeddable":true,"href":"https:\/\/canal-literatura.com\/9certamen\/wp-json\/wp\/v2\/users\/4"}],"replies":[{"embeddable":true,"href":"https:\/\/canal-literatura.com\/9certamen\/wp-json\/wp\/v2\/comments?post=5"}],"version-history":[{"count":0,"href":"https:\/\/canal-literatura.com\/9certamen\/wp-json\/wp\/v2\/pages\/5\/revisions"}],"wp:attachment":[{"href":"https:\/\/canal-literatura.com\/9certamen\/wp-json\/wp\/v2\/media?parent=5"}],"curies":[{"name":"wp","href":"https:\/\/api.w.org\/{rel}","templated":true}]}}