{"id":160,"date":"2013-04-19T21:24:58","date_gmt":"2013-04-19T19:24:58","guid":{"rendered":"https:\/\/canal-literatura.com\/Apoesia4\/?page_id=160"},"modified":"2016-03-10T00:53:18","modified_gmt":"2016-03-09T22:53:18","slug":"jurado-y-patrocinadores","status":"publish","type":"page","link":"https:\/\/canal-literatura.com\/Apoesia4\/jurado-y-patrocinadores\/","title":{"rendered":"Jurado y Patrocinadores"},"content":{"rendered":"<p align=\"center\"><strong>Jurado:<\/strong><\/p>\n<p align=\"center\"><strong>Emilio Hidalgo Serna<\/strong><\/p>\n<p style=\"text-align: center;\"><a title=\"Informaci\u00f3n sobre Emilio Hidalgo\" href=\"https:\/\/www.canal-literatura.com\/Entrevistas\/EmilioHidalgoSerna.html\" target=\"_blank\"><img decoding=\"async\" title=\"Emilio Hidalgo Serna\" src=\"https:\/\/www.canal-literatura.com\/Entrevistas\/EmilioHidalgoSerna3.jpg\" alt=\"Emilio Hidalgo Serna\" border=\"0\" \/><\/a><\/p>\n<p style=\"text-align: center;\">\u00a0Presidente de la Fundaci\u00f3n Studia Humanitatis con sede en Z\u00farich, que ya presidi\u00f3 el jurado del premio <a href=\"https:\/\/www.canal-literatura.com\/5certamen\/PremioEspecial\/index.php\" target=\"_blank\">Hispano-Alem\u00e1n<\/a>, escritor y\u00a0poeta.\u00a0Puedes ampliar informaci\u00f3n\u00a0<a href=\"https:\/\/www.canal-literatura.com\/Entrevistas\/EmilioHidalgoSerna.html\">pinchando aqu\u00ed.<\/a><\/p>\n<p align=\"center\"><strong>Eloy S\u00e1nchez Rosillo<\/strong><\/p>\n<p><strong><a href=\"https:\/\/www.canal-literatura.com\/Entrevistas\/EloySanchezRosillo.html\" target=\"_blank\"><img loading=\"lazy\" decoding=\"async\" class=\"aligncenter\" title=\"Eloy S\u00e1nchez Rosillo\" src=\"https:\/\/www.canal-literatura.com\/Entrevistas\/EloySanchezRosillo1op.jpg\" alt=\"Eloy S\u00e1nchez Rosillo\" width=\"250\" height=\"333\" border=\"0\" \/><\/a><\/strong><\/p>\n<p align=\"center\">Es profesor de literatura espa\u00f1ola en la facultad de letras\u00a0de la Universida de Murcia, poeta que obtuvo, entre otros, \u00a0el Premio Adonais de 1977 con su libro<em> <strong>Maneras de estar solo.<\/strong><\/em> Puedes\u00a0ampliar informaci\u00f3n,\u00a0<a href=\"https:\/\/www.canal-literatura.com\/Entrevistas\/EloySanchezRosillo.html\" target=\"_blank\"><strong>pinchando aqu\u00ed.<\/strong><\/a><\/p>\n<p><center><center><strong>Grupo de lectura:<\/strong><br \/>\nFormado por miembros de la Asociaci\u00f3n Canal literatura y de la Escuela de Escritores \u00abAlonso Quijano\u00bb\u00a0\u00a0\u00a0\u00a0\u00a0<\/center><\/center><strong>Fechas :<br \/>\n<\/strong>Convocatoria: 10 de Agosto 2008<br \/>\nCierre del plazo de env\u00edo de originales:\u00a020 de septiembre 2008<br \/>\nPublicaci\u00f3n de los finalistas del Certamen y premio especial del p\u00fablico:<br \/>\nDiciembre 2008.<br \/>\n<strong>Patrocinado por la Consejer\u00eda de\u00a0 Cultura, Juventud y Deportes de la Regi\u00f3n de Murcia.<\/strong><\/p>\n<p><!-- BBCode Start --><strong><img decoding=\"async\" src=\"https:\/\/www.canal-literatura.com\/banner\/RegiondeMurcia2008.jpg\" alt=\"\" \/><\/strong><\/p>\n<p>&nbsp;<\/p>\n","protected":false},"excerpt":{"rendered":"<p>Jurado: Emilio Hidalgo Serna \u00a0Presidente de la Fundaci\u00f3n Studia Humanitatis con sede en Z\u00farich, que ya presidi\u00f3 el jurado del premio Hispano-Alem\u00e1n, escritor y\u00a0poeta.\u00a0Puedes ampliar informaci\u00f3n\u00a0pinchando aqu\u00ed. Eloy S\u00e1nchez Rosillo Es profesor de literatura espa\u00f1ola en la facultad de letras\u00a0de la Universida de Murcia, poeta que obtuvo, entre otros, \u00a0el&#8230;<\/p>\n<p> <a class=\"continue-reading-link\" href=\"https:\/\/canal-literatura.com\/Apoesia4\/jurado-y-patrocinadores\/\"><span>Leer m\u00e1s<\/span><i class=\"crycon-right-dir\"><\/i><\/a> <\/p>\n","protected":false},"author":1,"featured_media":0,"parent":0,"menu_order":0,"comment_status":"closed","ping_status":"open","template":"","meta":{"footnotes":""},"class_list":["post-160","page","type-page","status-publish","hentry"],"amp_enabled":true,"_links":{"self":[{"href":"https:\/\/canal-literatura.com\/Apoesia4\/wp-json\/wp\/v2\/pages\/160","targetHints":{"allow":["GET"]}}],"collection":[{"href":"https:\/\/canal-literatura.com\/Apoesia4\/wp-json\/wp\/v2\/pages"}],"about":[{"href":"https:\/\/canal-literatura.com\/Apoesia4\/wp-json\/wp\/v2\/types\/page"}],"author":[{"embeddable":true,"href":"https:\/\/canal-literatura.com\/Apoesia4\/wp-json\/wp\/v2\/users\/1"}],"replies":[{"embeddable":true,"href":"https:\/\/canal-literatura.com\/Apoesia4\/wp-json\/wp\/v2\/comments?post=160"}],"version-history":[{"count":2,"href":"https:\/\/canal-literatura.com\/Apoesia4\/wp-json\/wp\/v2\/pages\/160\/revisions"}],"predecessor-version":[{"id":195,"href":"https:\/\/canal-literatura.com\/Apoesia4\/wp-json\/wp\/v2\/pages\/160\/revisions\/195"}],"wp:attachment":[{"href":"https:\/\/canal-literatura.com\/Apoesia4\/wp-json\/wp\/v2\/media?parent=160"}],"curies":[{"name":"wp","href":"https:\/\/api.w.org\/{rel}","templated":true}]}}