{"id":162,"date":"2013-04-19T21:28:08","date_gmt":"2013-04-19T19:28:08","guid":{"rendered":"https:\/\/canal-literatura.com\/Apoesia4\/?page_id=162"},"modified":"2016-03-10T01:03:46","modified_gmt":"2016-03-09T23:03:46","slug":"mas-informacion","status":"publish","type":"page","link":"https:\/\/canal-literatura.com\/Apoesia4\/mas-informacion\/","title":{"rendered":"M\u00e1s Informaci\u00f3n"},"content":{"rendered":"<p style=\"text-align: justify;\">Es importante que revise todas las p\u00e1ginas disponibles en esta web, ya que contienen toda la informaci\u00f3n necesaria para participar, sobre todo las\u00a0 <strong>Bases<\/strong>, la informaci\u00f3n del jurado y patrocinadores, as\u00ed como las fechas de convocatoria y plazos.<\/p>\n<p style=\"text-align: justify;\">Todos los poemas\u00a0 y noticias pueden recibir comentarios de los lectores o participantes, estos ser\u00e1n moderados, pero pedimos de antemano que sean respetuosos con las obras presentadas y, tanto si \u00a0los comentarios son favorables\u00a0como si \u00a0no, se mantengan en una l\u00ednea de correcci\u00f3n que permita un di\u00e1logo fluido y enriquecedor.<\/p>\n<p style=\"text-align: justify;\">Una vez finalizado el plazo de presentaci\u00f3n de los poemas, el 20 de septiembre del 2008, se podr\u00e1n votar para elegir el poema\u00a0ganador del <strong>PREMIO DEL P\u00daBLICO<\/strong>\u00a0a trav\u00e9s de cinco estrellas que aparecer\u00e1n debajo de cada poema. Pinchar en la quinta estrella es la m\u00e1xima cualificaci\u00f3n, aunque lo que determinar\u00e1 el ganador de este premio de los lectores\u00a0es el n\u00famero de votos totales y, s\u00f3lo en caso de empate, se decidir\u00e1 por la media de puntuaci\u00f3n obtenida. Este premio del p\u00fablico, no tiene nada que ver con los tres ganadores del certamen que ser\u00e1n elegidos por un jurado cualificado.<\/p>\n<p style=\"text-align: justify;\">Tambi\u00e9n pedimos a los votantes respeto en las votaciones, s\u00f3lo se puede votar a cada poema una vez, tal como permite el\u00a0 sistema. Nuestros t\u00e9cnicos tienen suficiente experiencia para detectar votaciones fraudulentas en\u00a0 muchos aspectos y no se dar\u00e1 ninguna explicaci\u00f3n a este respecto cuando haya que descalificar alg\u00fan poema.<\/p>\n<p style=\"text-align: justify;\">Si tiene otras concultas que realizar\u00a0u otro tipo de comentarios generales, hay un apartado en el <a href=\"https:\/\/www.canal-literatura.com\/ForoV\" target=\"_blank\">FORO NUEVO<\/a>\u00a0dedicado a este certamen. Deje all\u00ed sus consultas, pron\u00f3sticos u opiniones.<\/p>\n<p style=\"text-align: justify;\">Gracias por visitarnos y participar. Esperamos que sea una grata experiencia para todos.<\/p>\n","protected":false},"excerpt":{"rendered":"<p>Es importante que revise todas las p\u00e1ginas disponibles en esta web, ya que contienen toda la informaci\u00f3n necesaria para participar, sobre todo las\u00a0 Bases, la informaci\u00f3n del jurado y patrocinadores, as\u00ed como las fechas de convocatoria y plazos. Todos los poemas\u00a0 y noticias pueden recibir comentarios de los lectores o&#8230;<\/p>\n<p> <a class=\"continue-reading-link\" href=\"https:\/\/canal-literatura.com\/Apoesia4\/mas-informacion\/\"><span>Leer m\u00e1s<\/span><i class=\"crycon-right-dir\"><\/i><\/a> <\/p>\n","protected":false},"author":1,"featured_media":0,"parent":0,"menu_order":0,"comment_status":"closed","ping_status":"open","template":"","meta":{"footnotes":""},"class_list":["post-162","page","type-page","status-publish","hentry"],"amp_enabled":true,"_links":{"self":[{"href":"https:\/\/canal-literatura.com\/Apoesia4\/wp-json\/wp\/v2\/pages\/162","targetHints":{"allow":["GET"]}}],"collection":[{"href":"https:\/\/canal-literatura.com\/Apoesia4\/wp-json\/wp\/v2\/pages"}],"about":[{"href":"https:\/\/canal-literatura.com\/Apoesia4\/wp-json\/wp\/v2\/types\/page"}],"author":[{"embeddable":true,"href":"https:\/\/canal-literatura.com\/Apoesia4\/wp-json\/wp\/v2\/users\/1"}],"replies":[{"embeddable":true,"href":"https:\/\/canal-literatura.com\/Apoesia4\/wp-json\/wp\/v2\/comments?post=162"}],"version-history":[{"count":1,"href":"https:\/\/canal-literatura.com\/Apoesia4\/wp-json\/wp\/v2\/pages\/162\/revisions"}],"predecessor-version":[{"id":200,"href":"https:\/\/canal-literatura.com\/Apoesia4\/wp-json\/wp\/v2\/pages\/162\/revisions\/200"}],"wp:attachment":[{"href":"https:\/\/canal-literatura.com\/Apoesia4\/wp-json\/wp\/v2\/media?parent=162"}],"curies":[{"name":"wp","href":"https:\/\/api.w.org\/{rel}","templated":true}]}}