{"id":11,"date":"2013-08-08T08:28:51","date_gmt":"2013-08-08T10:28:51","guid":{"rendered":"http:\/\/canal-literatura.com\/apoesia8\/?page_id=11"},"modified":"2024-04-20T14:34:02","modified_gmt":"2024-04-20T13:34:02","slug":"jurado","status":"publish","type":"page","link":"https:\/\/canal-literatura.com\/apoesia8\/jurado\/","title":{"rendered":"Jurado"},"content":{"rendered":"<p style=\"text-align: center;\">\n<p style=\"text-align: center;\"><strong>Jurado del VIII Certamen \u00abPoemas sin Rostro\u00bb<\/strong><\/p>\n<p style=\"text-align: center;\"><a href=\"https:\/\/canal-literatura.com\/?p=22728\" target=\"_blank\" rel=\"noopener\"><img loading=\"lazy\" decoding=\"async\" class=\"aligncenter\" title=\"Inmaculada Pelegr\u00edn, jurado del VIII Certamen \" src=\"https:\/\/canal-literatura.com\/wp-content\/uploads\/2013\/09\/inma-pelegrin450.jpg\" alt=\"Inmaculada Pelegr\u00edn, jurado del VIII Certamen \" width=\"450\" height=\"253\" \/><\/a><\/p>\n<p style=\"text-align: center;\"><strong>Inmaculada Pelegr\u00edn<\/strong><\/p>\n<h3 style=\"text-align: center;\"><b>\u00a0\u201dUn buen poema es el que transforma algo dentro de m\u00ed.\u201d<\/b><\/h3>\n<p style=\"text-align: justify;\"><strong>Inma Pelegr\u00edn\u00a0L\u00f3pez<\/strong>, nacida el 10 de octubre de 1969 en Lorca (Murcia). Licenciada en Psicolog\u00eda.\u00a0\u00a0Forma parte de la asociaci\u00f3n po\u00e9tica Espartaria y, con ellos, ha participado en las antolog\u00edas Diez de diez (poes\u00eda) y La ciudad de los escudos (narrativa).<\/p>\n<p style=\"text-align: justify;\">Ha publicado\u00a0<em>Trapos Sucios<\/em>\u00a0(Tres Fronteras 2008),<em>\u00a0\u00d3xido<\/em>\u00a0(Pre-textos, 2008) que fue\u00a0<strong>Premio Internacional de Poes\u00eda Gerardo Diego\u00a0<\/strong>y\u00a0<em>Cuesti\u00f3n de horas<\/em>\u00a0(La isla de Siltol\u00e1, 2012) que obtubo el\u00a0<strong><a href=\"https:\/\/www.abc.es\/20120607\/cultura-libros\/abci-inmaculadapelegrinpoetaferia-201206071719.html\" target=\"_blank\" rel=\"noopener\">Premio Hispanoamericano de Poes\u00eda Juan Ram\u00f3n Jim\u00e9nez<\/a>\u00a0<\/strong>y del que<strong>\u00a0Luis Alberto de Cuenca\u00a0<\/strong>dijo:\u00a0<em>\u00abCuesti\u00f3n de horas\u00bb \u00a0ha sorprendido por\u00absu frescura\u00bb y el hecho de que presente una poes\u00eda \u00absencilla y directa con un lenguaje coloquial, capaz de suscitar emoci\u00f3n en todo momento\u00bb<\/em><\/p>\n<p style=\"text-align: justify;\"><a href=\"https:\/\/canal-literatura.com\/?p=22728\" target=\"_blank\" rel=\"noopener\"><strong>Ver entrevista completa.<\/strong><\/a><\/p>\n<p style=\"text-align: center;\"><a href=\"https:\/\/canal-literatura.com\/?p=22723\" target=\"_blank\" rel=\"noopener\"><img loading=\"lazy\" decoding=\"async\" class=\"aligncenter\" title=\"Marcelo Galliano, el primer jurado hispanoamericano en el certame\" src=\"https:\/\/canal-literatura.com\/wp-content\/uploads\/2013\/09\/Marcelo-Galliano-450.jpg\" alt=\"Marcelo Galliano, el primer jurado hispanoamericano en el certamen \" width=\"450\" height=\"286\" \/><\/a><\/p>\n<p style=\"text-align: center;\"><strong>Marcelo Galliano<\/strong><\/p>\n<h3 style=\"text-align: center;\"><strong>\u201cJam\u00e1s fue un arte de minor\u00edas, la m\u00fasica popular est\u00e1 llena de poes\u00eda, el teatro es un hijo de la declamaci\u00f3n po\u00e9tica y por consiguiente gran parte del cine tambi\u00e9n lo es.\u201d\u00a0<\/strong><\/h3>\n<p>&nbsp;<\/p>\n<p style=\"text-align: justify;\"><strong>Marcelo Galliano<\/strong>\u00a0Naci\u00f3 en\u00a0Buenos Aires el 9 de mayo de 1971.Es el primer poeta hispanoamericano que ejerce como jurado de una edici\u00f3n de este certamen.<br \/>\nPoeta, cuentista, novelista, ensayista, dramaturgo, guitarrista y periodista. Como instrumentista ha grabado cuatro discos, fue ganador de un Premio Gardel como mejor \u00c1lbum de m\u00fasica cl\u00e1sica 2002, y ha tocado en diversas salas importantes como el Teatro Gran Rex, el Teatro Alvear, la Sala Pablo Neruda del Paseo La Plaza, convirti\u00e9ndose en 1997 en el guitarrista m\u00e1s joven de la historia en estrenar un concierto en la Sala Grande del Teatro Col\u00f3n. Ha conducido seis ciclos radiales en Radio Cl\u00e1sica, Radio Nacional, Fm Premium y Radio Amadeus.<br \/>\nComo escritor y periodista ha sido columnista de diversos medios como Revista Cl\u00e1sica de Buenos Aires, y ha recibido decenas de distinciones,entre ellas el Segundo premio del <a href=\"https:\/\/www.canal-literatura.com\/Apoesia6\/?page_id=1359\" target=\"_blank\" rel=\"noopener\">VI Certamen \u00abPoemas sin Rostro\u00bb <\/a>2010-2011.<\/p>\n<p style=\"text-align: justify;\">En 2009 saca a la luz su libro de cuentos \u201cTiempos de soledad\u201d, editado por Ediciones Baobab gracias al premio obtenido en la 34\u00ba Feria del libro de Buenos Aires, este libro fue presentado en la Legislatura porte\u00f1a.<\/p>\n<p style=\"text-align: justify;\">En julio de 2009 ha obtenido el segundo premio en el certamen de literatura infantil organizado por la Fundaci\u00f3n El Libro -organizadores de la Feria del libro de Buenos Aires- y Supermercados Disco.<\/p>\n<p style=\"text-align: justify;\">En 2012 saca \u201cConfieso que te he escrito\u201d Libro + Cd de poemas le\u00eddo en la voz del autor. (Editado por Epsa)<br \/>\nHa sido publicado en diversas antolog\u00edas entre ellas el libro\u00a0<a href=\"https:\/\/www.laverdad.es\/murcia\/ocio\/mejores-poemas-incluidos-libro-200901141200.html\" target=\"_blank\" rel=\"noopener\"><strong>\u201cPoemas en el Canal\u201d<\/strong><\/a>\u00a0editado por la A<strong>sociaci\u00f3n Canal Literatura<\/strong>\u00a0en el a\u00f1o 2009.<\/p>\n<p style=\"text-align: justify;\"><a href=\"https:\/\/canal-literatura.com\/?p=22723\" target=\"_blank\" rel=\"noopener\"><strong>Ver entrevista completa.<\/strong><\/a><\/p>\n","protected":false},"excerpt":{"rendered":"<p>Jurado del VIII Certamen \u00abPoemas sin Rostro\u00bb Inmaculada Pelegr\u00edn \u00a0\u201dUn buen poema es el que transforma algo dentro de m\u00ed.\u201d Inma Pelegr\u00edn\u00a0L\u00f3pez, nacida el 10 de octubre de 1969 en Lorca (Murcia). Licenciada en Psicolog\u00eda.\u00a0\u00a0Forma parte de la asociaci\u00f3n po\u00e9tica Espartaria y, con ellos, ha participado en las antolog\u00edas Diez de diez (poes\u00eda) y La [&hellip;]<\/p>\n","protected":false},"author":4,"featured_media":78,"parent":0,"menu_order":0,"comment_status":"open","ping_status":"open","template":"","meta":{"ngg_post_thumbnail":0,"footnotes":""},"class_list":["post-11","page","type-page","status-publish","has-post-thumbnail","hentry"],"_links":{"self":[{"href":"https:\/\/canal-literatura.com\/apoesia8\/wp-json\/wp\/v2\/pages\/11","targetHints":{"allow":["GET"]}}],"collection":[{"href":"https:\/\/canal-literatura.com\/apoesia8\/wp-json\/wp\/v2\/pages"}],"about":[{"href":"https:\/\/canal-literatura.com\/apoesia8\/wp-json\/wp\/v2\/types\/page"}],"author":[{"embeddable":true,"href":"https:\/\/canal-literatura.com\/apoesia8\/wp-json\/wp\/v2\/users\/4"}],"replies":[{"embeddable":true,"href":"https:\/\/canal-literatura.com\/apoesia8\/wp-json\/wp\/v2\/comments?post=11"}],"version-history":[{"count":0,"href":"https:\/\/canal-literatura.com\/apoesia8\/wp-json\/wp\/v2\/pages\/11\/revisions"}],"wp:featuredmedia":[{"embeddable":true,"href":"https:\/\/canal-literatura.com\/apoesia8\/wp-json\/wp\/v2\/media\/78"}],"wp:attachment":[{"href":"https:\/\/canal-literatura.com\/apoesia8\/wp-json\/wp\/v2\/media?parent=11"}],"curies":[{"name":"wp","href":"https:\/\/api.w.org\/{rel}","templated":true}]}}