{"id":2,"date":"2018-11-13T10:10:59","date_gmt":"2018-11-13T10:10:59","guid":{"rendered":"http:\/\/canal-literatura.com\/certamen\/caravaca\/?page_id=2"},"modified":"2018-11-13T23:19:18","modified_gmt":"2018-11-13T23:19:18","slug":"premio-caravaca-de-la-cruz","status":"publish","type":"page","link":"https:\/\/canal-literatura.com\/certamen\/caravaca\/","title":{"rendered":"Premio especial \u00abCaravaca de la Cruz\u00bb."},"content":{"rendered":"<p><img loading=\"lazy\" decoding=\"async\" class=\"size-full wp-image-14 alignnone\" src=\"http:\/\/canal-literatura.com\/certamen\/caravaca\/wp-content\/uploads\/2018\/11\/cruz.jpg\" alt=\"\" width=\"298\" height=\"400\" srcset=\"https:\/\/canal-literatura.com\/certamen\/caravaca\/wp-content\/uploads\/2018\/11\/cruz.jpg 298w, https:\/\/canal-literatura.com\/certamen\/caravaca\/wp-content\/uploads\/2018\/11\/cruz-224x300.jpg 224w\" sizes=\"auto, (max-width: 298px) 100vw, 298px\" \/><img loading=\"lazy\" decoding=\"async\" class=\" wp-image-38 alignnone\" src=\"http:\/\/canal-literatura.com\/certamen\/caravaca\/wp-content\/uploads\/2018\/11\/texto.gif\" alt=\"\" width=\"447\" height=\"379\" \/><\/p>\n<p><img loading=\"lazy\" decoding=\"async\" class=\"size-full wp-image-51 alignleft\" src=\"http:\/\/canal-literatura.com\/certamen\/caravaca\/wp-content\/uploads\/2018\/11\/logo_caravaca.jpg\" alt=\"\" width=\"298\" height=\"355\" srcset=\"https:\/\/canal-literatura.com\/certamen\/caravaca\/wp-content\/uploads\/2018\/11\/logo_caravaca.jpg 298w, https:\/\/canal-literatura.com\/certamen\/caravaca\/wp-content\/uploads\/2018\/11\/logo_caravaca-252x300.jpg 252w, https:\/\/canal-literatura.com\/certamen\/caravaca\/wp-content\/uploads\/2018\/11\/logo_caravaca-126x150.jpg 126w\" sizes=\"auto, (max-width: 298px) 100vw, 298px\" \/><\/p>\n<p align=\"JUSTIFY\">\u00a0 \u00a0 \u00a0 \u00a0 \u00a0 \u00a0 Es una historia de un f\u00e9rtil pasado, pero lo realmente esperanzador no es la historia, la bell\u00edsima historia de la llegada de la Vera Cruz a Caravaca, lo realmente esperanzador es su futuro, es su mirada hacia adelante, es su sentido de la trascendencia. La Vera Cruz es un trozo del madero que mantuvo al Amor y al Amor con may\u00fasculas. En ella se llev\u00f3 a cabo la mayor historia de amor jam\u00e1s contada, y esa, esa, es una historia atemporal y universal y terminarla se hace dif\u00edcil, a\u00fan es m\u00e1s es\u00a0 imposible, pues es, de hecho, una historia interminable.<\/p>\n<p style=\"text-align: center;\"><span style=\"color: #ffff00;\">Ganadora: Inmaculada S\u00e1nchez Ramos (Miguel)<\/span><\/p>\n<p>&nbsp;<\/p>\n<p>&nbsp;<\/p>\n<p><a href=\"http:\/\/canal-literatura.com\/certamen\/caravaca\/wp-content\/uploads\/2018\/11\/Cuadro2G.jpg\" target=\"_blank\" rel=\"noopener\"><img loading=\"lazy\" decoding=\"async\" class=\"wp-image-65 aligncenter\" src=\"http:\/\/canal-literatura.com\/certamen\/caravaca\/wp-content\/uploads\/2018\/11\/DSCF0047.jpg\" alt=\" \u00a0Inmaculada S\u00e1nchez Ramos \" width=\"517\" height=\"388\" srcset=\"https:\/\/canal-literatura.com\/certamen\/caravaca\/wp-content\/uploads\/2018\/11\/DSCF0047.jpg 800w, https:\/\/canal-literatura.com\/certamen\/caravaca\/wp-content\/uploads\/2018\/11\/DSCF0047-300x225.jpg 300w, https:\/\/canal-literatura.com\/certamen\/caravaca\/wp-content\/uploads\/2018\/11\/DSCF0047-768x576.jpg 768w, https:\/\/canal-literatura.com\/certamen\/caravaca\/wp-content\/uploads\/2018\/11\/DSCF0047-150x113.jpg 150w\" sizes=\"auto, (max-width: 517px) 100vw, 517px\" \/><\/a><\/p>\n<p style=\"text-align: center;\">Inmaculada S\u00e1nchez Ramos recogiendo el premio de manos del Director de Cultura de la Regi\u00f3n de Murcia Fernando Armario.<\/p>\n","protected":false},"excerpt":{"rendered":"<p>\u00a0 \u00a0 \u00a0 \u00a0 \u00a0 \u00a0 Es una historia de un f\u00e9rtil pasado, pero lo realmente esperanzador no es la historia, la bell\u00edsima historia de la llegada de la Vera Cruz a Caravaca, lo realmente esperanzador es su futuro, es su mirada hacia adelante, es su sentido de la trascendencia&#8230;.<\/p>\n<p> <a class=\"continue-reading-link\" href=\"https:\/\/canal-literatura.com\/certamen\/caravaca\/\"><span>Leer m\u00e1s&#8230;<\/span><i class=\"crycon-right-dir\"><\/i><\/a> <\/p>\n","protected":false},"author":1,"featured_media":65,"parent":0,"menu_order":0,"comment_status":"closed","ping_status":"open","template":"","meta":{"footnotes":""},"class_list":["post-2","page","type-page","status-publish","has-post-thumbnail","hentry"],"_links":{"self":[{"href":"https:\/\/canal-literatura.com\/certamen\/caravaca\/wp-json\/wp\/v2\/pages\/2","targetHints":{"allow":["GET"]}}],"collection":[{"href":"https:\/\/canal-literatura.com\/certamen\/caravaca\/wp-json\/wp\/v2\/pages"}],"about":[{"href":"https:\/\/canal-literatura.com\/certamen\/caravaca\/wp-json\/wp\/v2\/types\/page"}],"author":[{"embeddable":true,"href":"https:\/\/canal-literatura.com\/certamen\/caravaca\/wp-json\/wp\/v2\/users\/1"}],"replies":[{"embeddable":true,"href":"https:\/\/canal-literatura.com\/certamen\/caravaca\/wp-json\/wp\/v2\/comments?post=2"}],"version-history":[{"count":30,"href":"https:\/\/canal-literatura.com\/certamen\/caravaca\/wp-json\/wp\/v2\/pages\/2\/revisions"}],"predecessor-version":[{"id":74,"href":"https:\/\/canal-literatura.com\/certamen\/caravaca\/wp-json\/wp\/v2\/pages\/2\/revisions\/74"}],"wp:featuredmedia":[{"embeddable":true,"href":"https:\/\/canal-literatura.com\/certamen\/caravaca\/wp-json\/wp\/v2\/media\/65"}],"wp:attachment":[{"href":"https:\/\/canal-literatura.com\/certamen\/caravaca\/wp-json\/wp\/v2\/media?parent=2"}],"curies":[{"name":"wp","href":"https:\/\/api.w.org\/{rel}","templated":true}]}}