{"id":20,"date":"2010-01-19T12:23:48","date_gmt":"2010-01-19T11:23:48","guid":{"rendered":"https:\/\/www.canal-literatura.com\/miguelhernandez\/?page_id=20"},"modified":"2010-05-04T22:39:48","modified_gmt":"2010-05-04T21:39:48","slug":"proyecto","status":"publish","type":"page","link":"https:\/\/canal-literatura.com\/miguelhernandez\/proyecto\/","title":{"rendered":"Proyecto"},"content":{"rendered":"<p><a href=\"https:\/\/www.iesalfonsox.com\/\"><strong><img loading=\"lazy\" decoding=\"async\" class=\"alignleft\" title=\"IES Alfonso X -Murcia\" src=\"https:\/\/www.canal-literatura.com\/miguelhernandez\/images\/escudoIESALFONSOX-p.jpg\" alt=\"\" width=\"100\" height=\"87\" \/><\/strong><\/a><\/p>\n<p><strong>El I.E.S Alfonso X\u00a0 \u00abEl Sabio\u00bb de Murcia ,<\/strong>con los alumnos de segundo <strong>de <a href=\"https:\/\/www.ibo.org\/es\/\" target=\"_blank\">Bachillerato Internacional (IBO)<\/a> y La Asociaci\u00f3n Canal Literatura,<\/strong> han querido unir sus plataformas para ofrecer un homenaje a la figura del poeta<strong> <em>Miguel Hern\u00e1ndez<\/em><\/strong> en el a\u00f1o que se cumple el centenario del nacimiento del escritor.<\/p>\n<div style=\"width: 122px\" class=\"wp-caption alignright\"><img loading=\"lazy\" decoding=\"async\" title=\"Julia MU\u00f1oz Ripoll\" src=\"https:\/\/www.canal-literatura.com\/miguelhernandez\/images\/JuliaMunozRipoll.jpg\" alt=\"Julia MU\u00f1oz Ripoll\" width=\"112\" height=\"169\" \/><p class=\"wp-caption-text\">Julia MU\u00f1oz Ripoll<\/p><\/div>\n<p>La Catedr\u00e1tica del Departamento de Lengua Castellana y Literatura <strong>D\u00aa Julia Mu\u00f1oz Ripoll, <\/strong>ha propuesto a sus alumnos para este a\u00f1o la realizaci\u00f3n de trabajos relacionados con el poeta <strong><em>Miguel Hern\u00e1ndez<\/em><\/strong>, nacido en Orihuela en 1910 y \u00a0la <strong>Asociaci\u00f3n Canal Literatura <\/strong>\u00a0ha puesto a disposici\u00f3n de estos trabajos su portal literario en Internet para difundir ,m\u00e1s all\u00e1 del \u00e1mbito murciano, el esfuerzo de estos estudiantes.<\/p>\n<p>Esta p\u00e1gina web queremos que sea una m\u00e1s entre los muchos homenajes que en este a\u00f1o se realizan en torno a este poeta espa\u00f1ol y universal, quedando de forma <a href=\"https:\/\/www.canal-literatura.com\/\"><strong><img loading=\"lazy\" decoding=\"async\" class=\"alignright\" title=\"Asociaci\u00f3n Canal Literatura\" src=\"https:\/\/www.canal-literatura.com\/themes\/3D-Fantasy\/images\/header\/logo_canal_literatura_nuevo.gif\" alt=\"\" width=\"171\" height=\"52\" \/><\/strong><\/a>permanente en internet como testimonio del trabajo de j\u00f3venes estudiantes a su figura.<\/p>\n<p style=\"text-align: center;\"><strong>Desde este espacio, adem\u00e1s, invitamos a todo aquel que quiera sumarse a este homenaje con sus aportaciones literarias a esta p\u00e1gina en forma de noticias, \u00a0microtextos, poemas, historias o cuentos relacionados con la figura de este poeta.<\/strong><\/p>\n","protected":false},"excerpt":{"rendered":"<p>El I.E.S Alfonso X\u00a0 \u00abEl Sabio\u00bb de Murcia ,con los alumnos de segundo de Bachillerato Internacional (IBO) y La Asociaci\u00f3n Canal Literatura, han querido unir sus plataformas para ofrecer un homenaje a la figura del poeta Miguel Hern\u00e1ndez en el a\u00f1o que se cumple el centenario del nacimiento del escritor. La Catedr\u00e1tica del Departamento de Lengua Castellana y Literatura D\u00aa Julia Mu\u00f1oz Ripoll, ha propuesto a sus alumnos para este a\u00f1o la realizaci\u00f3n de trabajos relacionados con el poeta Miguel Hern\u00e1ndez, nacido en Orihuela en 1910 y \u00a0la Asociaci\u00f3n Canal Literatura \u00a0ha puesto a disposici\u00f3n de estos trabajos su portal\u2026<\/p>\n<p> <a class=\"continue-reading-link\" href=\"https:\/\/canal-literatura.com\/miguelhernandez\/proyecto\/\"><span>Seguir leyendo<\/span><i class=\"crycon-right-dir\"><\/i><\/a> <\/p>\n","protected":false},"author":2,"featured_media":0,"parent":0,"menu_order":0,"comment_status":"open","ping_status":"open","template":"","meta":{"footnotes":""},"class_list":["post-20","page","type-page","status-publish","hentry"],"_links":{"self":[{"href":"https:\/\/canal-literatura.com\/miguelhernandez\/wp-json\/wp\/v2\/pages\/20","targetHints":{"allow":["GET"]}}],"collection":[{"href":"https:\/\/canal-literatura.com\/miguelhernandez\/wp-json\/wp\/v2\/pages"}],"about":[{"href":"https:\/\/canal-literatura.com\/miguelhernandez\/wp-json\/wp\/v2\/types\/page"}],"author":[{"embeddable":true,"href":"https:\/\/canal-literatura.com\/miguelhernandez\/wp-json\/wp\/v2\/users\/2"}],"replies":[{"embeddable":true,"href":"https:\/\/canal-literatura.com\/miguelhernandez\/wp-json\/wp\/v2\/comments?post=20"}],"version-history":[{"count":0,"href":"https:\/\/canal-literatura.com\/miguelhernandez\/wp-json\/wp\/v2\/pages\/20\/revisions"}],"wp:attachment":[{"href":"https:\/\/canal-literatura.com\/miguelhernandez\/wp-json\/wp\/v2\/media?parent=20"}],"curies":[{"name":"wp","href":"https:\/\/api.w.org\/{rel}","templated":true}]}}