{"id":80,"date":"2010-01-30T20:51:25","date_gmt":"2010-01-30T19:51:25","guid":{"rendered":"https:\/\/www.canal-literatura.com\/miguelhernandez\/?page_id=80"},"modified":"2010-02-01T19:05:55","modified_gmt":"2010-02-01T18:05:55","slug":"como-participar","status":"publish","type":"page","link":"https:\/\/canal-literatura.com\/miguelhernandez\/como-participar\/","title":{"rendered":"Como participar"},"content":{"rendered":"<p>Para incluir una noticia,\u00a0un microtexto, poema, cuento o \u00a0historias de la biograf\u00eda de <strong>Miguel Hern\u00e1ndez<\/strong> o cualquier an\u00e9cdota que consideres de inter\u00e9s\u00a0 sigue los siguientes pasos:<\/p>\n<p>Env\u00eda un correo electr\u00f3nico a la direcci\u00f3n\u00a0\u00a0 <a href=\"mailto:relatos@canal-literatura.com\">relatos@canal-literatura.com<\/a><br \/>\nPoniendo\u00a0en el\u00a0 campo \u00abasunto\u00bb del mensaje: <strong>Miguel Hern\u00e1ndez<\/strong><\/p>\n<p>Incluye como archivo adjunto, el texto, poema etc&#8230; en formato editable de \u00a0word.<\/p>\n<p>Indica la categor\u00eda en la que quieres incluirlo.<\/p>\n<p>Puedes\u00a0adjuntar tambi\u00e9n \u00a0una imagen \u00a0en formato *.jpg\u00a0 o\u00a0 *.gif\u00a0 para ilustrar el contenido o tuya si lo prefieres.<\/p>\n<p>No se te olvide indicar\u00a0<strong>el \u00a0T\u00edtulo y\u00a0 el Autor.<\/strong><\/p>\n<p><strong> <\/strong><\/p>\n<p><strong> <\/strong><\/p>\n","protected":false},"excerpt":{"rendered":"<p>Para incluir una noticia,\u00a0un microtexto, poema, cuento o \u00a0historias de la biograf\u00eda de Miguel Hern\u00e1ndez o cualquier an\u00e9cdota que consideres de inter\u00e9s\u00a0 sigue los siguientes pasos: Env\u00eda un correo electr\u00f3nico a la direcci\u00f3n\u00a0\u00a0 relatos@canal-literatura.com Poniendo\u00a0en el\u00a0 campo \u00abasunto\u00bb del mensaje: Miguel Hern\u00e1ndez Incluye como archivo adjunto, el texto, poema etc&#8230; en formato editable de \u00a0word. Indica la categor\u00eda en la que quieres incluirlo. Puedes\u00a0adjuntar tambi\u00e9n \u00a0una imagen \u00a0en formato *.jpg\u00a0 o\u00a0 *.gif\u00a0 para ilustrar el contenido o tuya si lo prefieres. No se te olvide indicar\u00a0el \u00a0T\u00edtulo y\u00a0 el Autor.<\/p>\n<p> <a class=\"continue-reading-link\" href=\"https:\/\/canal-literatura.com\/miguelhernandez\/como-participar\/\"><span>Seguir leyendo<\/span><i class=\"crycon-right-dir\"><\/i><\/a> <\/p>\n","protected":false},"author":2,"featured_media":0,"parent":0,"menu_order":0,"comment_status":"open","ping_status":"open","template":"","meta":{"footnotes":""},"class_list":["post-80","page","type-page","status-publish","hentry"],"_links":{"self":[{"href":"https:\/\/canal-literatura.com\/miguelhernandez\/wp-json\/wp\/v2\/pages\/80","targetHints":{"allow":["GET"]}}],"collection":[{"href":"https:\/\/canal-literatura.com\/miguelhernandez\/wp-json\/wp\/v2\/pages"}],"about":[{"href":"https:\/\/canal-literatura.com\/miguelhernandez\/wp-json\/wp\/v2\/types\/page"}],"author":[{"embeddable":true,"href":"https:\/\/canal-literatura.com\/miguelhernandez\/wp-json\/wp\/v2\/users\/2"}],"replies":[{"embeddable":true,"href":"https:\/\/canal-literatura.com\/miguelhernandez\/wp-json\/wp\/v2\/comments?post=80"}],"version-history":[{"count":0,"href":"https:\/\/canal-literatura.com\/miguelhernandez\/wp-json\/wp\/v2\/pages\/80\/revisions"}],"wp:attachment":[{"href":"https:\/\/canal-literatura.com\/miguelhernandez\/wp-json\/wp\/v2\/media?parent=80"}],"curies":[{"name":"wp","href":"https:\/\/api.w.org\/{rel}","templated":true}]}}