
{"id":5,"date":"2014-01-01T09:39:28","date_gmt":"2014-01-01T09:39:28","guid":{"rendered":"http:\/\/canal-literatura.com\/xcertamen\/?page_id=5"},"modified":"2014-04-01T19:53:59","modified_gmt":"2014-04-01T17:53:59","slug":"bases","status":"publish","type":"page","link":"https:\/\/canal-literatura.com\/xcertamen\/?page_id=5","title":{"rendered":"Bases"},"content":{"rendered":"<h2 style=\"text-align: center;\" align=\"center\"><strong>Bases de participaci\u00f3n X Certamen de Narrativa Breve 2014<\/strong><\/h2>\n<p>&nbsp;<\/p>\n<p style=\"text-align: justify;\"><strong>1<\/strong> Podr\u00e1 participar en este certamen cualquier autor mayor de 18 a\u00f1os que lo desee, con una sola obra escrita en espa\u00f1ol. <b>Quedan excluidos para participar<\/b> los premiados en la edici\u00f3n anterior en cualquiera de sus categor\u00edas (primer premio del certamen y premio especial del p\u00fablico).<\/p>\n<p style=\"text-align: justify;\"><strong>2<\/strong> El tema ser\u00e1 libre.<\/p>\n<p style=\"text-align: justify;\"><strong>3<\/strong> Los trabajos presentados deber\u00e1n ser originales e in\u00e9ditos (incluida la publicaci\u00f3n en Internet) y no presentados ni premiados o pendientes de fallo en otros concursos. Cualquier comprobaci\u00f3n en este sentido ser\u00e1 motivo de descalificaci\u00f3n autom\u00e1tica.<\/p>\n<p style=\"text-align: justify;\"><strong>4<\/strong> La extensi\u00f3n de las obras no exceder\u00e1 de las 2.000 palabras en total, incluy\u00e9ndose cualquier otro texto secundario o marginal que el autor pudiere adjuntar. Se aconseja enviar los relatos en letra Times New Roman (12) usando el formulario oficial para el texto concursante y revisados por el contador de palabras de Word con el texto seleccionado. (Herramienta \u00abRevisar-contar palabras\u00bb).<\/p>\n<p style=\"text-align: justify;\"><strong>5<\/strong> Las obras deber\u00e1n ser remitidas en soporte inform\u00e1tico a la direcci\u00f3n <a href=\"mailto:relatos@canal-literatura.com\"><b>relatos@canal-literatura.com<\/b><\/a><b>. El correo electr\u00f3nico deber\u00e1 incluir una imagen del documento de identidad acreditativo<\/b> m\u00e1s <b>los siguientes documentos adjuntos <\/b>debidamente cumplimentados en formato de Word:<\/p>\n<p style=\"text-align: justify;\"><i>a<\/i>) <a href=\"http:\/\/canal-literatura.com\/fotos\/2014\/xcertamen\/formulario_plica_relatoss2014.doc\" target=\"_blank\"><strong>Formulario Datos del autor-PLICA<\/strong><\/a><\/p>\n<p style=\"text-align: justify;\"><i>b<\/i>) <a href=\"http:\/\/canal-literatura.com\/fotos\/2014\/xcertamen\/declaracion_relatos2014.doc\" target=\"_blank\"><strong>Declaraci\u00f3n del autor<\/strong><\/a><\/p>\n<p style=\"text-align: justify;\"><i>c<\/i>) <strong><a href=\"http:\/\/canal-literatura.com\/fotos\/2014\/xcertamen\/relato_concursante2014.doc\" target=\"_blank\">Texto del relato, incluyendo t\u00edtulo y seud\u00f3nimo<\/a><\/strong><\/p>\n<p style=\"text-align: justify;\"><strong>6 El plazo de recepci\u00f3n de originales finalizar\u00e1 el 15 de abril de 2014.<\/strong><\/p>\n<p style=\"text-align: justify;\"><strong>7 <\/strong>Se otorgar\u00e1n tres premios, que consistir\u00e1n en:<\/p>\n<p style=\"text-align: justify;\">\u2022 Primer premio: <b>500 euros y trofeo<\/b><\/p>\n<p style=\"text-align: justify;\">\u2022 Segundo premio: <b>250 euros y trofeo<\/b><\/p>\n<p style=\"text-align: justify;\">\u2022 Tercer premio: <b>125 euros y trofeo<\/b><\/p>\n<p style=\"text-align: center;\"><img loading=\"lazy\" decoding=\"async\" class=\"aligncenter\" title=\"Trofeo  Certamen\" alt=\"Trofeo  Certamen\" src=\"http:\/\/www.canal-literatura.com\/5certamen\/images\/trofeo5op.jpg\" width=\"150\" height=\"219\" \/><\/p>\n<p style=\"text-align: justify;\">\u2022 <b>Premio especial del p\u00fablico:<\/b> <b>trofeo<\/b>. La dotaci\u00f3n de este premio consistir\u00e1 en la aportaci\u00f3n de los participantes del certamen que deseen contribuir con cualquier cantidad al mismo.<\/p>\n<p style=\"text-align: justify;\"><span style=\"line-height: 1.5em;\"><strong>8<\/strong>. La propiedad de las obras ser\u00e1 de los autores, si bien la Asociaci\u00f3n Canal Literatura se reserva el derecho de <\/span><b style=\"line-height: 1.5em;\">la primera publicaci\u00f3n de todas ellas en su portal www.canal-literatura.com durante y despu\u00e9s del certamen indefinidamente, as\u00ed como<\/b><span style=\"line-height: 1.5em;\"> la primera publicaci\u00f3n impresa de los premiados y finalistas en un volumen en caso de decidirse su publicaci\u00f3n y contar con los medios econ\u00f3micos que la posibiliten.<\/span><b><\/b><\/p>\n<p style=\"text-align: justify;\"><strong>9<\/strong><b>.<\/b> Los premios de este certamen no podr\u00e1n declararse desiertos.<\/p>\n<p style=\"text-align: justify;\"><strong>10<\/strong> El fallo del jurado, que resolver\u00e1 a su criterio las dudas que pueda plantear la interpretaci\u00f3n de estas bases o decidir sobre cualquier otro aspecto relacionado con el desarrollo del certamen, ser\u00e1 inapelable y se har\u00e1 p\u00fablico en la web del Canal Literatura y en el peri\u00f3dico La Verdad.es.<\/p>\n<p style=\"text-align: justify;\"><b>11<\/b> Si alg\u00fan participante utilizara un seud\u00f3nimo que pudiera ser reconocido o crear alg\u00fan tipo de confusi\u00f3n con los <i>nicks<\/i> (alias) usados habitualmente en Canal Literatura o en cert\u00e1menes anteriores, ser\u00e1 informado v\u00eda correo electr\u00f3nico de esta circunstancia para que proceda al cambio del mismo. En \u00faltimo caso, se le asignar\u00eda un seud\u00f3nimo alfanum\u00e9rico aleatorio para garantizar su total anonimato en todos los \u00e1mbitos del certamen.<\/p>\n<p style=\"text-align: justify;\"><b>12 <\/b>De igual forma se advierte a los concursantes <b>que no deben compartir sus relatos en las redes sociales <\/b>(Tuenti, Facebook, Twiter, etc.) <b>hasta la publicaci\u00f3n de los finalistas<\/b> si esto conlleva desvelar la autor\u00eda y la identidad real de los participantes.<\/p>\n<p style=\"text-align: justify;\"><b>13 El concursante o lector debe actuar y comentar individualmente <\/b>sin que se perciba que pertenece a ning\u00fan grupo organizado que monopolice la interacci\u00f3n y libre expresi\u00f3n del resto de los participantes. Si se detectara cualquier grupo de estas caracter\u00edsticas ser\u00edan descalificados todos sus miembros.<\/p>\n<p style=\"text-align: justify;\"><b>14<\/b> Mantener <b>el anonimato es responsabilidad de cada participante o lector. La vulneraci\u00f3n de<\/b> esta condici\u00f3n ser\u00e1 causa de descalificaci\u00f3n autom\u00e1tica.<\/p>\n<p style=\"text-align: justify;\"><b>15<\/b> Los relatos que no figuren es esta web trascurrido el plazo de una semana desde su env\u00edo no habr\u00e1n sido admitidos.<\/p>\n<p style=\"text-align: justify;\"><b>16<\/b> La votaci\u00f3n del p\u00fablico se har\u00e1, una vez finalizado el plazo de presentaci\u00f3n en esta web, por el sistema de estrellas, que aparecer\u00e1n debajo de cada relato. El proceso y las normas de votaci\u00f3n se anunciar\u00e1n una vez finalizado el plazo de entrega de originales.<\/p>\n<p style=\"text-align: justify;\"><strong>17<\/strong>. La participaci\u00f3n en el concurso implica la \u00edntegra aceptaci\u00f3n de todos los apartados de estas bases.<\/p>\n<p style=\"text-align: center;\">_________________________________________________________<\/p>\n<p style=\"text-align: justify;\"><strong>Donativo voluntario de 5 euros <\/strong>como contribuci\u00f3n al desarrollo de este certamen en la cuenta de <strong>Paypal<\/strong> de la<strong> Asociaci\u00f3n Canal Literatura<\/strong>.<\/p>\n<p>&nbsp;<\/p>\n<p><strong><a title=\"Donar\" href=\"http:\/\/canal-literatura.com\/como-poner-tu-granito-de-arena-en-canal-literatura\/\" target=\"_blank\">Informate<\/a><\/strong><\/p>\n<p>&nbsp;<\/p>\n<table width=\"100\" border=\"10\">\n<tbody>\n<tr>\n<td width=\"137\"><center><\/p>\n<form id=\"donar\" action=\"https:\/\/www.paypal.com\/cgi-bin\/webscr\" method=\"post\" target=\"_blank\"><input type=\"hidden\" name=\"cmd\" value=\"_s-xclick\" \/><br \/>\n<input type=\"hidden\" name=\"hosted_button_id\" value=\"SC2K6KXRMZ7XJ\" \/><br \/>\n<input type=\"image\" alt=\"PayPal. La forma r\u00e1pida y segura de pagar en Internet.\" name=\"submit\" src=\"https:\/\/www.paypalobjects.com\/es_ES\/ES\/i\/btn\/btn_donateCC_LG.gif\" width=\"100\" \/><br \/>\n<img loading=\"lazy\" decoding=\"async\" alt=\"\" src=\"https:\/\/www.paypalobjects.com\/es_ES\/i\/scr\/pixel.gif\" width=\"1\" height=\"1\" border=\"0\" \/><\/form>\n<p>&nbsp;<\/p>\n<p><\/center><\/td>\n<\/tr>\n<\/tbody>\n<\/table>\n<p>&nbsp;<\/p>\n<p style=\"text-align: center;\">*******************<\/p>\n<p style=\"text-align: justify;\">La Asociaci\u00f3n no excluir\u00e1 a ning\u00fan escritor de participar en este concurso por motivos econ\u00f3micos, por tanto admitir\u00e1 a concurso todos los relatos enviados con la documentaci\u00f3n completa. Rogamos, no obstante, y agradeceremos mucho que colaboren, con confianza, con una peque\u00f1a explicaci\u00f3n de las dificultades para realizar este donativo con el fin de completar un estudio que estamos realizando a este respecto. Gracias de antemano por colaborar.<\/p>\n","protected":false},"excerpt":{"rendered":"<p>Bases de participaci\u00f3n X Certamen de Narrativa Breve 2014 &nbsp; 1 Podr\u00e1 participar en este certamen cualquier autor mayor de 18 a\u00f1os que lo desee, con una sola obra escrita en espa\u00f1ol. Quedan excluidos para participar los premiados en la edici\u00f3n anterior en cualquiera de sus categor\u00edas (primer premio del&#8230;<\/p>\n<p> <a class=\"continue-reading-link\" href=\"https:\/\/canal-literatura.com\/xcertamen\/?page_id=5\"><span>Leer m\u00e1s..<\/span><i class=\"crycon-right-dir\"><\/i><\/a> <\/p>\n","protected":false},"author":4,"featured_media":52,"parent":0,"menu_order":0,"comment_status":"open","ping_status":"open","template":"","meta":{"ngg_post_thumbnail":0,"footnotes":""},"class_list":["post-5","page","type-page","status-publish","has-post-thumbnail","hentry"],"_links":{"self":[{"href":"https:\/\/canal-literatura.com\/xcertamen\/index.php?rest_route=\/wp\/v2\/pages\/5","targetHints":{"allow":["GET"]}}],"collection":[{"href":"https:\/\/canal-literatura.com\/xcertamen\/index.php?rest_route=\/wp\/v2\/pages"}],"about":[{"href":"https:\/\/canal-literatura.com\/xcertamen\/index.php?rest_route=\/wp\/v2\/types\/page"}],"author":[{"embeddable":true,"href":"https:\/\/canal-literatura.com\/xcertamen\/index.php?rest_route=\/wp\/v2\/users\/4"}],"replies":[{"embeddable":true,"href":"https:\/\/canal-literatura.com\/xcertamen\/index.php?rest_route=%2Fwp%2Fv2%2Fcomments&post=5"}],"version-history":[{"count":0,"href":"https:\/\/canal-literatura.com\/xcertamen\/index.php?rest_route=\/wp\/v2\/pages\/5\/revisions"}],"wp:featuredmedia":[{"embeddable":true,"href":"https:\/\/canal-literatura.com\/xcertamen\/index.php?rest_route=\/wp\/v2\/media\/52"}],"wp:attachment":[{"href":"https:\/\/canal-literatura.com\/xcertamen\/index.php?rest_route=%2Fwp%2Fv2%2Fmedia&parent=5"}],"curies":[{"name":"wp","href":"https:\/\/api.w.org\/{rel}","templated":true}]}}