
{"id":9,"date":"2014-01-01T09:40:58","date_gmt":"2014-01-01T09:40:58","guid":{"rendered":"http:\/\/canal-literatura.com\/xcertamen\/?page_id=9"},"modified":"2014-02-22T01:20:45","modified_gmt":"2014-02-22T00:20:45","slug":"normas","status":"publish","type":"page","link":"https:\/\/canal-literatura.com\/xcertamen\/?page_id=9","title":{"rendered":"Normas"},"content":{"rendered":"<p style=\"text-align: justify;\">Es importante que revise todas las p\u00e1ginas disponibles en esta web, ya que contienen \u00a0la informaci\u00f3n necesaria para participar, sobre todo las\u00a0Bases,\u00a0las novedades,\u00a0la informaci\u00f3n del jurado y patrocinadores, as\u00ed como las fechas de convocatoria y plazos.<\/p>\n<p style=\"text-align: justify;\">Todos los relatos y noticias pueden recibir comentarios de los lectores o participantes,<b>\u00a0que ser\u00e1n moderados<\/b>\u00a0por el administrador, pero pedimos de antemano que sean respetuosos con las obras presentadas, que intenten ce\u00f1irse al texto (no al autor) y, tanto si los comentarios son favorables como si no, se mantengan en una l\u00ednea de correcci\u00f3n que permita un di\u00e1logo fluido y enriquecedor.<\/p>\n<p style=\"text-align: justify;\">El prop\u00f3sito de estos cert\u00e1menes est\u00e1 descrito brevemente en este art\u00edculo que recomendamos leer con atenci\u00f3n:<\/p>\n<h3 style=\"text-align: center;\"><a href=\"http:\/\/canal-literatura.com\/blog\/zona-literaria\/disentir-para-aprender-juntos-por-luisa-nunez\/\" target=\"_blank\"><b>Disentir\u00a0<\/b><b>p<\/b><b>ara\u00a0<\/b><b>a<\/b><b>prender\u00a0<\/b><b>j<\/b><b>untos. Por Luisa N\u00fa\u00f1ez<\/b><\/a>\u00a0<b><\/b><\/h3>\n<p>Tambi\u00e9n es importante conocer la importancia de<strong>\u00a0mantener el anonimato<\/strong>\u00a0en esta web para todos los \u00e1mbitos del certamen y compartir en las redes sociales sin desvelar la identidad real del autor hasta la publicaci\u00f3n de los finalistas. Os recomendamos leer el siguiente art\u00edculo sobre este tema:<\/p>\n<h3 style=\"text-align: center;\"><strong><a href=\"http:\/\/canal-literatura.com\/blog\/zona-literaria\/anonimato-necesario-condicion-de-anonimo-y-el-exito-de-la-creacion-por-luisa-nunez\/\" target=\"_blank\"><img loading=\"lazy\" decoding=\"async\" class=\"aligncenter\" alt=\"Anonimato \" src=\"http:\/\/canal-literatura.com\/fotos\/mascara-1.jpg\" width=\"134\" height=\"102\" \/>Anonimato necesario.Condici\u00f3n de an\u00f3nimo y el \u00e9xito de la creaci\u00f3n.<\/a><\/strong><\/h3>\n<p style=\"text-align: justify;\">La donaci\u00f3n de inscripci\u00f3n es voluntaria\u00a0<b>Canal Literatura jam\u00e1s vetar\u00e1 su participaci\u00f3n a un concursante, y menos por razones econ\u00f3micas. <\/b>Os dejamos este art\u00edculo con la explicaci\u00f3n completa sobre este apartado.<\/p>\n<p><a href=\"http:\/\/canal-literatura.com\/blog\/zona-literaria\/aprendiendo-de-la-comunidad-ensayo-error-y-brujula-en-mano-por-luisa-nunez\/\" target=\"_blank\"><img loading=\"lazy\" decoding=\"async\" class=\"aligncenter\" alt=\"br\u00fajula\" src=\"http:\/\/canal-literatura.com\/wp-content\/uploads\/2014\/02\/brujula.jpg\" width=\"136\" height=\"107\" \/><\/a><\/p>\n<h3 style=\"text-align: center;\"><a href=\"http:\/\/canal-literatura.com\/blog\/zona-literaria\/aprendiendo-de-la-comunidad-ensayo-error-y-brujula-en-mano-por-luisa-nunez\/\" target=\"_blank\">Aprendiendo de la Comunidad.<\/a><\/h3>\n<p style=\"text-align: center;\"><strong>\u00a0<\/strong><\/p>\n<p style=\"text-align: justify;\"><strong><\/strong>Una vez finalizado el plazo de presentaci\u00f3n de los relatos, en torno a<strong>l 18 de abril<\/strong>, se podr\u00e1n votar para elegir el relato que obtendr\u00e1 el\u00a0<b>PREMIO DEL P\u00daBLICO\u00a0<\/b>a trav\u00e9s de diez estrellas que aparecer\u00e1n debajo de cada relato.<\/p>\n<p style=\"text-align: justify;\">El proceso y las normas de votaci\u00f3n se anunciar\u00e1n una vez finalizado el plazo de entrega de originales. Este premio del p\u00fablico,\u00a0no tiene nada que ver con los tres premios del certamen, que ser\u00e1n elegidos por un jurado cualificado.<\/p>\n<p style=\"text-align: justify;\">Tambi\u00e9n pedimos a los votantes respeto en las votaciones. S\u00f3lo se puede votar a cada relato una vez, tal como permite el sistema. Nuestros t\u00e9cnicos tienen suficiente experiencia para detectar votaciones fraudulentas en muchos aspectos y no\u00a0<b>se dar\u00e1 ninguna explicaci\u00f3n a este respecto cuando haya que descalificar alg\u00fan relato.\u00a0<\/b>Los relatos descalificados dejar\u00e1n de tener visibles las estrellas para poder votar.<\/p>\n<p style=\"text-align: justify;\">Gracias por visitarnos y participar. Esperamos que sea una grata experiencia para todos.<\/p>\n<p>&nbsp;<\/p>\n","protected":false},"excerpt":{"rendered":"<p>Es importante que revise todas las p\u00e1ginas disponibles en esta web, ya que contienen \u00a0la informaci\u00f3n necesaria para participar, sobre todo las\u00a0Bases,\u00a0las novedades,\u00a0la informaci\u00f3n del jurado y patrocinadores, as\u00ed como las fechas de convocatoria y plazos. Todos los relatos y noticias pueden recibir comentarios de los lectores o participantes,\u00a0que ser\u00e1n&#8230;<\/p>\n<p> <a class=\"continue-reading-link\" href=\"https:\/\/canal-literatura.com\/xcertamen\/?page_id=9\"><span>Leer m\u00e1s..<\/span><i class=\"crycon-right-dir\"><\/i><\/a> <\/p>\n","protected":false},"author":4,"featured_media":52,"parent":0,"menu_order":0,"comment_status":"open","ping_status":"open","template":"","meta":{"ngg_post_thumbnail":0,"footnotes":""},"class_list":["post-9","page","type-page","status-publish","has-post-thumbnail","hentry"],"_links":{"self":[{"href":"https:\/\/canal-literatura.com\/xcertamen\/index.php?rest_route=\/wp\/v2\/pages\/9","targetHints":{"allow":["GET"]}}],"collection":[{"href":"https:\/\/canal-literatura.com\/xcertamen\/index.php?rest_route=\/wp\/v2\/pages"}],"about":[{"href":"https:\/\/canal-literatura.com\/xcertamen\/index.php?rest_route=\/wp\/v2\/types\/page"}],"author":[{"embeddable":true,"href":"https:\/\/canal-literatura.com\/xcertamen\/index.php?rest_route=\/wp\/v2\/users\/4"}],"replies":[{"embeddable":true,"href":"https:\/\/canal-literatura.com\/xcertamen\/index.php?rest_route=%2Fwp%2Fv2%2Fcomments&post=9"}],"version-history":[{"count":0,"href":"https:\/\/canal-literatura.com\/xcertamen\/index.php?rest_route=\/wp\/v2\/pages\/9\/revisions"}],"wp:featuredmedia":[{"embeddable":true,"href":"https:\/\/canal-literatura.com\/xcertamen\/index.php?rest_route=\/wp\/v2\/media\/52"}],"wp:attachment":[{"href":"https:\/\/canal-literatura.com\/xcertamen\/index.php?rest_route=%2Fwp%2Fv2%2Fmedia&parent=9"}],"curies":[{"name":"wp","href":"https:\/\/api.w.org\/{rel}","templated":true}]}}